{"id":1716,"date":"2022-12-12T09:01:15","date_gmt":"2022-12-12T09:01:15","guid":{"rendered":"https:\/\/themexriver.com\/wp\/hostix\/?page_id=1716"},"modified":"2023-10-25T08:52:26","modified_gmt":"2023-10-25T08:52:26","slug":"a-propos-de-nous","status":"publish","type":"page","link":"https:\/\/cmediahost.top\/index.php\/a-propos-de-nous\/","title":{"rendered":"\u00c0 propos de nous"},"content":{"rendered":"\t\t<div data-elementor-type=\"wp-page\" data-elementor-id=\"1716\" class=\"elementor elementor-1716\" data-elementor-settings=\"{&quot;ha_cmc_init_switcher&quot;:&quot;no&quot;}\" data-elementor-post-type=\"page\">\n\t\t\t\t<div class=\"elementor-element elementor-element-fe373da e-con-full e-flex e-con e-parent\" data-id=\"fe373da\" data-element_type=\"container\" data-e-type=\"container\" data-settings=\"{&quot;_ha_eqh_enable&quot;:false}\">\n\t\t\t\t<div class=\"elementor-element elementor-element-a97349b elementor-widget elementor-widget-hos-hero-four-id\" data-id=\"a97349b\" data-element_type=\"widget\" data-e-type=\"widget\" data-widget_type=\"hos-hero-four-id.default\">\n\t\t\t\t<div class=\"elementor-widget-container\">\n\t\t\t\t\t    <section class=\"banner-section-four\">\r\n        \t\t    <div class=\"vector-layer\" style=\"background-image: url(https:\/\/cmediahost.top\/wp-content\/uploads\/2023\/10\/vector-1.png)\"><\/div>\r\n        \t\t<div class=\"auto-container\">\r\n            <div class=\"row clearfix d-flex align-items-center\">\r\n\t\t\t\t\r\n\t\t\t\t<!-- Content Column -->\r\n\t\t\t\t<div class=\"content-column col-lg-6 col-md-12 col-sm-12\">\r\n\t\t\t\t\t<div class=\"inner-column\">\r\n\t\t\t\t\t\t<div class=\"title\"> Trouvez votre succ\u00e8s en ligne avec Cmediahost<\/div>\r\n\t\t\t\t\t\t<h1>\u00c0 propos de Nous<\/h1>\r\n\t\t\t\t\t\t<div class=\"text\"><\/div>\r\n\t\t\t\t\t\t<!-- Check List -->\r\n\t\t\t\t\t\t<div class=\"check-list\">\r\n\t\t\t\t\t\t\t\t\t\t\t\t\t<\/div>\r\n\t\t\t\t\t\t<div class=\"options-box d-flex align-items-center\">\r\n                                                                                    \t\t\t\t\t\t<\/div>\r\n\t\t\t\t\t<\/div>\r\n\t\t\t\t<\/div>\r\n\t\t\t\t\r\n\t\t\t\t<!-- Image Column -->\r\n                \t\t\t\t<div class=\"image-column col-lg-6 col-md-12 col-sm-12\">\r\n\t\t\t\t\t<div class=\"inner-column parallax-scene-1\">\r\n\t\t\t\t\t\t<div class=\"image\" data-depth=\"0.20\">\r\n\t\t\t\t\t\t\t<img decoding=\"async\" src=\"https:\/\/cmediahost.top\/wp-content\/uploads\/2023\/10\/main.png\" alt=\"\" \/>\r\n\t\t\t\t\t\t<\/div>\r\n\t\t\t\t\t<\/div>\r\n\t\t\t\t<\/div>\r\n\t\t\t\t\t\t\t<\/div>\r\n\t\t<\/div>\r\n\t<\/section>\r\n\r\n    \t\t\t\t<\/div>\n\t\t\t\t<\/div>\n\t\t\t\t<\/div>\n\t\t<div class=\"elementor-element elementor-element-a9930f0 e-flex e-con-boxed e-con e-parent\" data-id=\"a9930f0\" data-element_type=\"container\" data-e-type=\"container\" data-settings=\"{&quot;_ha_eqh_enable&quot;:false}\">\n\t\t\t\t\t<div class=\"e-con-inner\">\n\t\t<div class=\"elementor-element elementor-element-26cfa14 e-con-full e-flex e-con e-child\" data-id=\"26cfa14\" data-element_type=\"container\" data-e-type=\"container\" data-settings=\"{&quot;_ha_eqh_enable&quot;:false}\">\n\t\t\t\t<div class=\"elementor-element elementor-element-1edfadd elementor-widget elementor-widget-heading\" data-id=\"1edfadd\" data-element_type=\"widget\" data-e-type=\"widget\" data-widget_type=\"heading.default\">\n\t\t\t\t<div class=\"elementor-widget-container\">\n\t\t\t\t\t<h2 class=\"elementor-heading-title elementor-size-default\">Trouvez votre succ\u00e8s en ligne avec Cmediahost<\/h2>\t\t\t\t<\/div>\n\t\t\t\t<\/div>\n\t\t\t\t<div class=\"elementor-element elementor-element-890b46c elementor-widget elementor-widget-text-editor\" data-id=\"890b46c\" data-element_type=\"widget\" data-e-type=\"widget\" data-widget_type=\"text-editor.default\">\n\t\t\t\t<div class=\"elementor-widget-container\">\n\t\t\t\t\t\t\t\t\t<p><span lang=\"FR-CH\" style=\"font-size: 14.0pt;\">Cmediahost s&rsquo;est donn\u00e9 pour mission de rendre le succ\u00e8s en ligne possible pour tout le monde &#8211; des d\u00e9veloppeurs aux blogueurs et propri\u00e9taires d&rsquo;entreprise aspirants. Gr\u00e2ce \u00e0 notre technologie d&rsquo;h\u00e9bergement rapide, \u00e0 nos agents de service \u00e0 la client\u00e8le fiables et sympathiques et \u00e0 notre Panel facile \u00e0 utiliser, la croissance de votre site se fait sans effort.<\/span><\/p>\t\t\t\t\t\t\t\t<\/div>\n\t\t\t\t<\/div>\n\t\t\t\t<\/div>\n\t\t<div class=\"elementor-element elementor-element-f8d160e e-con-full e-flex e-con e-child\" data-id=\"f8d160e\" data-element_type=\"container\" data-e-type=\"container\" data-settings=\"{&quot;_ha_eqh_enable&quot;:false}\">\n\t\t\t\t<div class=\"elementor-element elementor-element-b25878c elementor-widget elementor-widget-image\" data-id=\"b25878c\" data-element_type=\"widget\" data-e-type=\"widget\" data-widget_type=\"image.default\">\n\t\t\t\t<div class=\"elementor-widget-container\">\n\t\t\t\t\t\t\t\t\t\t\t\t\t\t\t<img decoding=\"async\" src=\"https:\/\/cmediahost.top\/wp-content\/uploads\/elementor\/thumbs\/SL-012322-48100-35-scaled-qpgy68b2telg86rp4xzpjah7owlc2ja3ytplovbfs0.jpg\" title=\"business success growth green arrow on world map\" alt=\"business success growth green arrow on world map vector\" loading=\"lazy\" \/>\t\t\t\t\t\t\t\t\t\t\t\t\t\t\t<\/div>\n\t\t\t\t<\/div>\n\t\t\t\t<\/div>\n\t\t\t\t\t<\/div>\n\t\t\t\t<\/div>\n\t\t<div class=\"elementor-element elementor-element-3463cd0 e-flex e-con-boxed e-con e-parent\" data-id=\"3463cd0\" data-element_type=\"container\" data-e-type=\"container\" data-settings=\"{&quot;background_background&quot;:&quot;classic&quot;,&quot;_ha_eqh_enable&quot;:false}\">\n\t\t\t\t\t<div class=\"e-con-inner\">\n\t\t<div class=\"elementor-element elementor-element-e55fe22 e-con-full e-flex e-con e-child\" data-id=\"e55fe22\" data-element_type=\"container\" data-e-type=\"container\" data-settings=\"{&quot;_ha_eqh_enable&quot;:false}\">\n\t\t\t\t<div class=\"elementor-element elementor-element-e16c92c elementor-widget elementor-widget-image\" data-id=\"e16c92c\" data-element_type=\"widget\" data-e-type=\"widget\" data-widget_type=\"image.default\">\n\t\t\t\t<div class=\"elementor-widget-container\">\n\t\t\t\t\t\t\t\t\t\t\t\t\t\t\t<img fetchpriority=\"high\" decoding=\"async\" width=\"601\" height=\"601\" src=\"https:\/\/cmediahost.top\/wp-content\/uploads\/2022\/11\/Media1-2_Datacentre_transformation_with_Cloud_Solutions@2x.png\" class=\"attachment-large size-large wp-image-2710\" alt=\"\" srcset=\"https:\/\/cmediahost.top\/wp-content\/uploads\/2022\/11\/Media1-2_Datacentre_transformation_with_Cloud_Solutions@2x.png 601w, https:\/\/cmediahost.top\/wp-content\/uploads\/2022\/11\/Media1-2_Datacentre_transformation_with_Cloud_Solutions@2x-300x300.png 300w, https:\/\/cmediahost.top\/wp-content\/uploads\/2022\/11\/Media1-2_Datacentre_transformation_with_Cloud_Solutions@2x-150x150.png 150w, https:\/\/cmediahost.top\/wp-content\/uploads\/2022\/11\/Media1-2_Datacentre_transformation_with_Cloud_Solutions@2x-100x100.png 100w, https:\/\/cmediahost.top\/wp-content\/uploads\/2022\/11\/elementor\/thumbs\/Media1-2_Datacentre_transformation_with_Cloud_Solutions@2x-qe3m2zdvin6jphw2hiudeur95nnsqcy5ta2vzny2e8.png 400w\" sizes=\"(max-width: 601px) 100vw, 601px\" \/>\t\t\t\t\t\t\t\t\t\t\t\t\t\t\t<\/div>\n\t\t\t\t<\/div>\n\t\t\t\t<\/div>\n\t\t<div class=\"elementor-element elementor-element-1625984 e-con-full e-flex e-con e-child\" data-id=\"1625984\" data-element_type=\"container\" data-e-type=\"container\" data-settings=\"{&quot;_ha_eqh_enable&quot;:false}\">\n\t\t\t\t<div class=\"elementor-element elementor-element-918dcf6 elementor-widget elementor-widget-heading\" data-id=\"918dcf6\" data-element_type=\"widget\" data-e-type=\"widget\" data-widget_type=\"heading.default\">\n\t\t\t\t<div class=\"elementor-widget-container\">\n\t\t\t\t\t<h2 class=\"elementor-heading-title elementor-size-default\">Un h\u00e9bergeur web globalement reconnu <\/h2>\t\t\t\t<\/div>\n\t\t\t\t<\/div>\n\t\t\t\t<div class=\"elementor-element elementor-element-65d569c elementor-widget elementor-widget-text-editor\" data-id=\"65d569c\" data-element_type=\"widget\" data-e-type=\"widget\" data-widget_type=\"text-editor.default\">\n\t\t\t\t<div class=\"elementor-widget-container\">\n\t\t\t\t\t\t\t\t\t<p><span lang=\"FR-CH\" style=\"font-size: 14.0pt;\">Fond\u00e9e en 2020 en tant que startup technologique bas\u00e9e en Suisse, Cmediahost est d\u00e9sormais un acteur majeur dans le domaine des solutions d&rsquo;h\u00e9bergement web, au service de nombreux cr\u00e9ateurs partageant une vision commune dans plus de 20 pays.<\/span><\/p><p><span lang=\"FR-CH\" style=\"font-size: 14.0pt;\">Fid\u00e8les \u00e0 notre r\u00e9putation de marque d&rsquo;h\u00e9bergement \u00e0 plus forte croissance en 2022, nous continuerons \u00e0 am\u00e9liorer nos services, \u00e0 conqu\u00e9rir de nouveaux march\u00e9s et \u00e0 participer \u00e0 d&rsquo;autres histoires \u00e0 succ\u00e8s.<\/span><\/p>\t\t\t\t\t\t\t\t<\/div>\n\t\t\t\t<\/div>\n\t\t\t\t<\/div>\n\t\t\t\t\t<\/div>\n\t\t\t\t<\/div>\n\t\t<div class=\"elementor-element elementor-element-79e0bf2 e-flex e-con-boxed e-con e-parent\" data-id=\"79e0bf2\" data-element_type=\"container\" data-e-type=\"container\" data-settings=\"{&quot;_ha_eqh_enable&quot;:false}\">\n\t\t\t\t\t<div class=\"e-con-inner\">\n\t\t<div class=\"elementor-element elementor-element-92281ed e-con-full e-flex e-con e-child\" data-id=\"92281ed\" data-element_type=\"container\" data-e-type=\"container\" data-settings=\"{&quot;_ha_eqh_enable&quot;:false}\">\n\t\t\t\t<div class=\"elementor-element elementor-element-f3fde63 elementor-widget elementor-widget-heading\" data-id=\"f3fde63\" data-element_type=\"widget\" data-e-type=\"widget\" data-widget_type=\"heading.default\">\n\t\t\t\t<div class=\"elementor-widget-container\">\n\t\t\t\t\t<h2 class=\"elementor-heading-title elementor-size-default\">Outils de gestion transparents<\/h2>\t\t\t\t<\/div>\n\t\t\t\t<\/div>\n\t\t\t\t<div class=\"elementor-element elementor-element-59c3047 elementor-widget elementor-widget-text-editor\" data-id=\"59c3047\" data-element_type=\"widget\" data-e-type=\"widget\" data-widget_type=\"text-editor.default\">\n\t\t\t\t<div class=\"elementor-widget-container\">\n\t\t\t\t\t\t\t\t\t<span lang=\"FR-CH\" style=\"font-size: 14.0pt;\">Quelle que soit votre exp\u00e9rience ou votre expertise technique, nos outils de cr\u00e9ation et de gestion de site ont \u00e9t\u00e9 con\u00e7us dans un souci d&rsquo;exp\u00e9rience utilisateur et de puissance. Contr\u00f4lez tout en un seul endroit avec notre Panel, qu&rsquo;il s&rsquo;agisse de noms de domaine, d&rsquo;h\u00e9bergement web, de comptes emails, et bien plus encore. Consacrez plus de temps \u00e0 ce qui compte gr\u00e2ce au cr\u00e9ateur de site (fonctionnalit\u00e9 de glisser-d\u00e9poser) &#8211; cr\u00e9ez et publiez un site en quelques minutes, sans aucune limite.<\/span>\t\t\t\t\t\t\t\t<\/div>\n\t\t\t\t<\/div>\n\t\t\t\t<\/div>\n\t\t<div class=\"elementor-element elementor-element-46f33bd e-con-full e-flex e-con e-child\" data-id=\"46f33bd\" data-element_type=\"container\" data-e-type=\"container\" data-settings=\"{&quot;_ha_eqh_enable&quot;:false}\">\n\t\t\t\t<div class=\"elementor-element elementor-element-daa31f8 elementor-widget elementor-widget-image\" data-id=\"daa31f8\" data-element_type=\"widget\" data-e-type=\"widget\" data-widget_type=\"image.default\">\n\t\t\t\t<div class=\"elementor-widget-container\">\n\t\t\t\t\t\t\t\t\t\t\t\t\t\t\t<img decoding=\"async\" width=\"640\" height=\"513\" src=\"https:\/\/cmediahost.top\/wp-content\/uploads\/2023\/10\/2-1-1024x821.png\" class=\"attachment-large size-large wp-image-2919\" alt=\"\" srcset=\"https:\/\/cmediahost.top\/wp-content\/uploads\/2023\/10\/2-1-1024x821.png 1024w, https:\/\/cmediahost.top\/wp-content\/uploads\/2023\/10\/2-1-300x240.png 300w, https:\/\/cmediahost.top\/wp-content\/uploads\/2023\/10\/2-1-768x616.png 768w, https:\/\/cmediahost.top\/wp-content\/uploads\/2023\/10\/2-1-600x481.png 600w, https:\/\/cmediahost.top\/wp-content\/uploads\/2023\/10\/2-1.png 1235w\" sizes=\"(max-width: 640px) 100vw, 640px\" \/>\t\t\t\t\t\t\t\t\t\t\t\t\t\t\t<\/div>\n\t\t\t\t<\/div>\n\t\t\t\t<\/div>\n\t\t\t\t\t<\/div>\n\t\t\t\t<\/div>\n\t\t<div class=\"elementor-element elementor-element-c374af8 e-flex e-con-boxed e-con e-parent\" data-id=\"c374af8\" data-element_type=\"container\" data-e-type=\"container\" data-settings=\"{&quot;_ha_eqh_enable&quot;:false}\">\n\t\t\t\t\t<div class=\"e-con-inner\">\n\t\t<div class=\"elementor-element elementor-element-3d3d245 e-con-full e-flex e-con e-child\" data-id=\"3d3d245\" data-element_type=\"container\" data-e-type=\"container\" data-settings=\"{&quot;_ha_eqh_enable&quot;:false}\">\n\t\t\t\t<div class=\"elementor-element elementor-element-f6662c1 elementor-widget elementor-widget-image\" data-id=\"f6662c1\" data-element_type=\"widget\" data-e-type=\"widget\" data-widget_type=\"image.default\">\n\t\t\t\t<div class=\"elementor-widget-container\">\n\t\t\t\t\t\t\t\t\t\t\t\t\t\t\t<img decoding=\"async\" width=\"626\" height=\"626\" src=\"https:\/\/cmediahost.top\/wp-content\/uploads\/2023\/10\/fast-loading-concept-illustration_114360-756.jpg\" class=\"attachment-large size-large wp-image-2920\" alt=\"\" srcset=\"https:\/\/cmediahost.top\/wp-content\/uploads\/2023\/10\/fast-loading-concept-illustration_114360-756.jpg 626w, https:\/\/cmediahost.top\/wp-content\/uploads\/2023\/10\/fast-loading-concept-illustration_114360-756-300x300.jpg 300w, https:\/\/cmediahost.top\/wp-content\/uploads\/2023\/10\/fast-loading-concept-illustration_114360-756-150x150.jpg 150w, https:\/\/cmediahost.top\/wp-content\/uploads\/2023\/10\/fast-loading-concept-illustration_114360-756-600x600.jpg 600w, https:\/\/cmediahost.top\/wp-content\/uploads\/2023\/10\/fast-loading-concept-illustration_114360-756-100x100.jpg 100w\" sizes=\"(max-width: 626px) 100vw, 626px\" \/>\t\t\t\t\t\t\t\t\t\t\t\t\t\t\t<\/div>\n\t\t\t\t<\/div>\n\t\t\t\t<\/div>\n\t\t<div class=\"elementor-element elementor-element-0514b39 e-con-full e-flex e-con e-child\" data-id=\"0514b39\" data-element_type=\"container\" data-e-type=\"container\" data-settings=\"{&quot;_ha_eqh_enable&quot;:false}\">\n\t\t\t\t<div class=\"elementor-element elementor-element-1a0afbd elementor-widget elementor-widget-heading\" data-id=\"1a0afbd\" data-element_type=\"widget\" data-e-type=\"widget\" data-widget_type=\"heading.default\">\n\t\t\t\t<div class=\"elementor-widget-container\">\n\t\t\t\t\t<h2 class=\"elementor-heading-title elementor-size-default\">Innovation En Mouvement <\/h2>\t\t\t\t<\/div>\n\t\t\t\t<\/div>\n\t\t\t\t<div class=\"elementor-element elementor-element-6ab4aae elementor-widget elementor-widget-text-editor\" data-id=\"6ab4aae\" data-element_type=\"widget\" data-e-type=\"widget\" data-widget_type=\"text-editor.default\">\n\t\t\t\t<div class=\"elementor-widget-container\">\n\t\t\t\t\t\t\t\t\t<p class=\"h-image-section-two-colsdescription\"><span lang=\"FR-CH\" style=\"font-size: 14.0pt;\">Nous pensons qu&rsquo;une croissance rapide passe par une adaptation rapide aux technologies avanc\u00e9es. Pour maintenir une vitesse et une efficacit\u00e9 maximales pour nos clients, nous am\u00e9liorons constamment l&rsquo;infrastructure de nos serveurs avec des solutions anti-DDoS avanc\u00e9es et des moteurs LiteSpeed.<\/span><\/p>\t\t\t\t\t\t\t\t<\/div>\n\t\t\t\t<\/div>\n\t\t\t\t<\/div>\n\t\t\t\t\t<\/div>\n\t\t\t\t<\/div>\n\t\t<div class=\"elementor-element elementor-element-baecc28 e-flex e-con-boxed e-con e-parent\" data-id=\"baecc28\" data-element_type=\"container\" data-e-type=\"container\" data-settings=\"{&quot;background_background&quot;:&quot;classic&quot;,&quot;_ha_eqh_enable&quot;:false}\">\n\t\t\t\t\t<div class=\"e-con-inner\">\n\t\t<div class=\"elementor-element elementor-element-86493c6 e-con-full e-flex e-con e-child\" data-id=\"86493c6\" data-element_type=\"container\" data-e-type=\"container\" data-settings=\"{&quot;_ha_eqh_enable&quot;:false}\">\n\t\t\t\t<div class=\"elementor-element elementor-element-18d3124 elementor-widget elementor-widget-heading\" data-id=\"18d3124\" data-element_type=\"widget\" data-e-type=\"widget\" data-widget_type=\"heading.default\">\n\t\t\t\t<div class=\"elementor-widget-container\">\n\t\t\t\t\t<h2 class=\"elementor-heading-title elementor-size-default\">Les Personnes Engag\u00e9es sont des H\u00e9ros <\/h2>\t\t\t\t<\/div>\n\t\t\t\t<\/div>\n\t\t\t\t<div class=\"elementor-element elementor-element-5b35658 elementor-widget elementor-widget-text-editor\" data-id=\"5b35658\" data-element_type=\"widget\" data-e-type=\"widget\" data-widget_type=\"text-editor.default\">\n\t\t\t\t<div class=\"elementor-widget-container\">\n\t\t\t\t\t\t\t\t\t<span lang=\"FR-CH\" style=\"font-size: 14.0pt;\">L&rsquo;entreprise se d\u00e9veloppe aussi vite que les personnes qui y travaillent. Et Cmediahost offre une ambiance id\u00e9ale pour le d\u00e9veloppement personnel. Faire partie de cette \u00e9quipe colossale nous rend heureux et engag\u00e9s dans la r\u00e9ussite de nos clients. <\/span>\t\t\t\t\t\t\t\t<\/div>\n\t\t\t\t<\/div>\n\t\t\t\t<\/div>\n\t\t<div class=\"elementor-element elementor-element-df7a053 e-con-full e-flex e-con e-child\" data-id=\"df7a053\" data-element_type=\"container\" data-e-type=\"container\" data-settings=\"{&quot;_ha_eqh_enable&quot;:false}\">\n\t\t\t\t<div class=\"elementor-element elementor-element-3fd01d7 elementor-widget elementor-widget-image\" data-id=\"3fd01d7\" data-element_type=\"widget\" data-e-type=\"widget\" data-widget_type=\"image.default\">\n\t\t\t\t<div class=\"elementor-widget-container\">\n\t\t\t\t\t\t\t\t\t\t\t\t\t\t\t<img loading=\"lazy\" decoding=\"async\" width=\"640\" height=\"427\" src=\"https:\/\/cmediahost.top\/wp-content\/uploads\/2023\/10\/9572409-1024x683.jpg\" class=\"attachment-large size-large wp-image-3097\" alt=\"\" srcset=\"https:\/\/cmediahost.top\/wp-content\/uploads\/2023\/10\/9572409-1024x683.jpg 1024w, https:\/\/cmediahost.top\/wp-content\/uploads\/2023\/10\/9572409-300x200.jpg 300w, https:\/\/cmediahost.top\/wp-content\/uploads\/2023\/10\/9572409-768x512.jpg 768w, https:\/\/cmediahost.top\/wp-content\/uploads\/2023\/10\/9572409-1536x1024.jpg 1536w, https:\/\/cmediahost.top\/wp-content\/uploads\/2023\/10\/9572409-2048x1365.jpg 2048w, https:\/\/cmediahost.top\/wp-content\/uploads\/2023\/10\/9572409-417x277.jpg 417w, https:\/\/cmediahost.top\/wp-content\/uploads\/2023\/10\/9572409-600x400.jpg 600w\" sizes=\"(max-width: 640px) 100vw, 640px\" \/>\t\t\t\t\t\t\t\t\t\t\t\t\t\t\t<\/div>\n\t\t\t\t<\/div>\n\t\t\t\t<\/div>\n\t\t\t\t\t<\/div>\n\t\t\t\t<\/div>\n\t\t<div class=\"elementor-element elementor-element-b3a061b e-flex e-con-boxed e-con e-parent\" data-id=\"b3a061b\" data-element_type=\"container\" data-e-type=\"container\" data-settings=\"{&quot;_ha_eqh_enable&quot;:false}\">\n\t\t\t\t\t<div class=\"e-con-inner\">\n\t\t<div class=\"elementor-element elementor-element-2153e1d e-con-full e-flex e-con e-child\" data-id=\"2153e1d\" data-element_type=\"container\" data-e-type=\"container\" data-settings=\"{&quot;_ha_eqh_enable&quot;:false}\">\n\t\t\t\t<div class=\"elementor-element elementor-element-70d0650 elementor-widget elementor-widget-image\" data-id=\"70d0650\" data-element_type=\"widget\" data-e-type=\"widget\" data-widget_type=\"image.default\">\n\t\t\t\t<div class=\"elementor-widget-container\">\n\t\t\t\t\t\t\t\t\t\t\t\t\t\t\t<img loading=\"lazy\" decoding=\"async\" width=\"640\" height=\"401\" src=\"https:\/\/cmediahost.top\/wp-content\/uploads\/2023\/01\/cta.png\" class=\"attachment-large size-large wp-image-2197\" alt=\"\" srcset=\"https:\/\/cmediahost.top\/wp-content\/uploads\/2023\/01\/cta.png 698w, https:\/\/cmediahost.top\/wp-content\/uploads\/2023\/01\/cta-600x376.png 600w, https:\/\/cmediahost.top\/wp-content\/uploads\/2023\/01\/cta-300x188.png 300w\" sizes=\"(max-width: 640px) 100vw, 640px\" \/>\t\t\t\t\t\t\t\t\t\t\t\t\t\t\t<\/div>\n\t\t\t\t<\/div>\n\t\t\t\t<\/div>\n\t\t<div class=\"elementor-element elementor-element-758d144 e-con-full e-flex e-con e-child\" data-id=\"758d144\" data-element_type=\"container\" data-e-type=\"container\" data-settings=\"{&quot;_ha_eqh_enable&quot;:false}\">\n\t\t\t\t<div class=\"elementor-element elementor-element-4c2f749 elementor-widget elementor-widget-heading\" data-id=\"4c2f749\" data-element_type=\"widget\" data-e-type=\"widget\" data-widget_type=\"heading.default\">\n\t\t\t\t<div class=\"elementor-widget-container\">\n\t\t\t\t\t<h2 class=\"elementor-heading-title elementor-size-default\">Avant De Parler, Nous \u00c9coutons <\/h2>\t\t\t\t<\/div>\n\t\t\t\t<\/div>\n\t\t\t\t<div class=\"elementor-element elementor-element-f5b82b9 elementor-widget elementor-widget-text-editor\" data-id=\"f5b82b9\" data-element_type=\"widget\" data-e-type=\"widget\" data-widget_type=\"text-editor.default\">\n\t\t\t\t<div class=\"elementor-widget-container\">\n\t\t\t\t\t\t\t\t\t<span lang=\"FR-CH\" style=\"font-size: 14.0pt;\">Le client est le plus haut plac\u00e9 chez Cmediahost. Il contribue au d\u00e9veloppement de nos produits en nous faisant part de ses commentaires et de ses r\u00e9clamations. Nous recevons aussi beaucoup de f\u00e9licitations. Les excellentes notes obtenues par Google nous montrent que nous sommes sur la bonne voie.<\/span>\t\t\t\t\t\t\t\t<\/div>\n\t\t\t\t<\/div>\n\t\t\t\t<\/div>\n\t\t\t\t\t<\/div>\n\t\t\t\t<\/div>\n\t\t\t\t<\/div>\n\t\t","protected":false},"excerpt":{"rendered":"<p>Trouvez votre succ\u00e8s en ligne avec Cmediahost \u00c0 propos de Nous Trouvez votre succ\u00e8s en ligne avec Cmediahost Cmediahost s&rsquo;est donn\u00e9 pour mission de rendre le succ\u00e8s en ligne possible pour tout le monde &#8211; des d\u00e9veloppeurs aux blogueurs et propri\u00e9taires d&rsquo;entreprise aspirants. Gr\u00e2ce \u00e0 notre technologie d&rsquo;h\u00e9bergement rapide, \u00e0 nos agents de service \u00e0 [&hellip;]<\/p>\n","protected":false},"author":1,"featured_media":0,"parent":0,"menu_order":0,"comment_status":"closed","ping_status":"closed","template":"hostix-template.php","meta":{"inline_featured_image":false,"footnotes":""},"class_list":["post-1716","page","type-page","status-publish","hentry"],"_links":{"self":[{"href":"https:\/\/cmediahost.top\/index.php\/wp-json\/wp\/v2\/pages\/1716","targetHints":{"allow":["GET"]}}],"collection":[{"href":"https:\/\/cmediahost.top\/index.php\/wp-json\/wp\/v2\/pages"}],"about":[{"href":"https:\/\/cmediahost.top\/index.php\/wp-json\/wp\/v2\/types\/page"}],"author":[{"embeddable":true,"href":"https:\/\/cmediahost.top\/index.php\/wp-json\/wp\/v2\/users\/1"}],"replies":[{"embeddable":true,"href":"https:\/\/cmediahost.top\/index.php\/wp-json\/wp\/v2\/comments?post=1716"}],"version-history":[{"count":15,"href":"https:\/\/cmediahost.top\/index.php\/wp-json\/wp\/v2\/pages\/1716\/revisions"}],"predecessor-version":[{"id":4286,"href":"https:\/\/cmediahost.top\/index.php\/wp-json\/wp\/v2\/pages\/1716\/revisions\/4286"}],"wp:attachment":[{"href":"https:\/\/cmediahost.top\/index.php\/wp-json\/wp\/v2\/media?parent=1716"}],"curies":[{"name":"wp","href":"https:\/\/api.w.org\/{rel}","templated":true}]}}