{"id":3104,"date":"2023-10-23T13:13:24","date_gmt":"2023-10-23T13:13:24","guid":{"rendered":"https:\/\/cmediahost.top\/?page_id=3104"},"modified":"2023-10-25T08:58:11","modified_gmt":"2023-10-25T08:58:11","slug":"signaler-un-abus","status":"publish","type":"page","link":"https:\/\/cmediahost.top\/index.php\/signaler-un-abus\/","title":{"rendered":"Signaler un Abus"},"content":{"rendered":"\t\t<div data-elementor-type=\"wp-page\" data-elementor-id=\"3104\" class=\"elementor elementor-3104\" data-elementor-settings=\"{&quot;ha_cmc_init_switcher&quot;:&quot;no&quot;}\" data-elementor-post-type=\"page\">\n\t\t\t\t<div class=\"elementor-element elementor-element-12fda85 e-con-full e-flex e-con e-parent\" data-id=\"12fda85\" data-element_type=\"container\" data-e-type=\"container\" data-settings=\"{&quot;_ha_eqh_enable&quot;:false}\">\n\t\t\t\t<div class=\"elementor-element elementor-element-673e4a2 elementor-widget elementor-widget-hos-hero-four-id\" data-id=\"673e4a2\" data-element_type=\"widget\" data-e-type=\"widget\" data-widget_type=\"hos-hero-four-id.default\">\n\t\t\t\t<div class=\"elementor-widget-container\">\n\t\t\t\t\t    <section class=\"banner-section-four\">\r\n        \t\t    <div class=\"vector-layer\" style=\"background-image: url(https:\/\/cmediahost.top\/wp-content\/uploads\/2023\/10\/vector-1.png)\"><\/div>\r\n        \t\t<div class=\"auto-container\">\r\n            <div class=\"row clearfix d-flex align-items-center\">\r\n\t\t\t\t\r\n\t\t\t\t<!-- Content Column -->\r\n\t\t\t\t<div class=\"content-column col-lg-6 col-md-12 col-sm-12\">\r\n\t\t\t\t\t<div class=\"inner-column\">\r\n\t\t\t\t\t\t<div class=\"title\"><\/div>\r\n\t\t\t\t\t\t<h1>Signaler un Abus<\/h1>\r\n\t\t\t\t\t\t<div class=\"text\">Si vous avez subi un probl\u00e8me de s\u00e9curit\u00e9 avec un de nos abonn\u00e9s, <b>merci de remplir le formulaire ci-dessous pour nous le signaler.<\/b>\nVous recevrez une confirmation par email une fois votre abuse traiter, dans un d\u00e9lai approximatif de 24 \u00e0 48 heures.\n<\/div>\r\n\t\t\t\t\t\t<!-- Check List -->\r\n\t\t\t\t\t\t<div class=\"check-list\">\r\n\t\t\t\t\t\t\t\t\t\t\t\t\t<\/div>\r\n\t\t\t\t\t\t<div class=\"options-box d-flex align-items-center\">\r\n                                                                                    \t\t\t\t\t\t<\/div>\r\n\t\t\t\t\t<\/div>\r\n\t\t\t\t<\/div>\r\n\t\t\t\t\r\n\t\t\t\t<!-- Image Column -->\r\n                \t\t\t\t<div class=\"image-column col-lg-6 col-md-12 col-sm-12\">\r\n\t\t\t\t\t<div class=\"inner-column parallax-scene-1\">\r\n\t\t\t\t\t\t<div class=\"image\" data-depth=\"0.20\">\r\n\t\t\t\t\t\t\t<img decoding=\"async\" src=\"https:\/\/cmediahost.top\/wp-content\/uploads\/2023\/10\/7081720_3552802__1_-removebg-pre.png\" alt=\"\" \/>\r\n\t\t\t\t\t\t<\/div>\r\n\t\t\t\t\t<\/div>\r\n\t\t\t\t<\/div>\r\n\t\t\t\t\t\t\t<\/div>\r\n\t\t<\/div>\r\n\t<\/section>\r\n\r\n    \t\t\t\t<\/div>\n\t\t\t\t<\/div>\n\t\t\t\t<\/div>\n\t\t<div class=\"elementor-element elementor-element-2871cc3 e-flex e-con-boxed e-con e-parent\" data-id=\"2871cc3\" data-element_type=\"container\" data-e-type=\"container\" data-settings=\"{&quot;_ha_eqh_enable&quot;:false}\">\n\t\t\t\t\t<div class=\"e-con-inner\">\n\t\t\t\t<div class=\"elementor-element elementor-element-a9c1389 elementor-widget elementor-widget-hos-section-title-id\" data-id=\"a9c1389\" data-element_type=\"widget\" data-e-type=\"widget\" data-widget_type=\"hos-section-title-id.default\">\n\t\t\t\t<div class=\"elementor-widget-container\">\n\t\t\t\t\t    <div class=\"sec-title   text-center\">\r\n        <div class=\"title\"><span><\/span><\/div>\r\n        <h2>Formulaire de signalement d'abus<\/h2>\r\n    <\/div>\r\n    \t\t\t\t<\/div>\n\t\t\t\t<\/div>\n\t\t\t\t\t<\/div>\n\t\t\t\t<\/div>\n\t\t<div class=\"elementor-element elementor-element-43ee05d e-flex e-con-boxed e-con e-parent\" data-id=\"43ee05d\" data-element_type=\"container\" data-e-type=\"container\" data-settings=\"{&quot;_ha_eqh_enable&quot;:false}\">\n\t\t\t\t\t<div class=\"e-con-inner\">\n\t\t\t\t<div class=\"elementor-element elementor-element-c6e2d7d elementor-widget__width-initial elementor-widget elementor-widget-shortcode\" data-id=\"c6e2d7d\" data-element_type=\"widget\" data-e-type=\"widget\" data-widget_type=\"shortcode.default\">\n\t\t\t\t<div class=\"elementor-widget-container\">\n\t\t\t\t\t\t\t<div class=\"elementor-shortcode\"><div class=\"wpforms-container wpforms-container-full wpforms-render-modern\" id=\"wpforms-2816\"><form id=\"wpforms-form-2816\" class=\"wpforms-validate wpforms-form wpforms-ajax-form\" data-formid=\"2816\" method=\"post\" enctype=\"multipart\/form-data\" action=\"\/index.php\/wp-json\/wp\/v2\/pages\/3104?wpforms_form_id=2816\" data-token=\"56d5cb377fa2dee19b2198eb9f8b149a\"><noscript class=\"wpforms-error-noscript\">Veuillez activer JavaScript dans votre navigateur pour remplir ce formulaire.<\/noscript><div class=\"wpforms-hidden\" id=\"wpforms-error-noscript\">Veuillez activer JavaScript dans votre navigateur pour remplir ce formulaire.<\/div><div class=\"wpforms-field-container\"><div id=\"wpforms-2816-field_2-container\" class=\"wpforms-field wpforms-field-name\" data-field-id=\"2\"><fieldset><legend class=\"wpforms-field-label\">Informations <span class=\"wpforms-required-label\" aria-hidden=\"true\">*<\/span><\/legend><div class=\"wpforms-field-row wpforms-field-large\"><div class=\"wpforms-field-row-block wpforms-first wpforms-one-half\"><input type=\"text\" id=\"wpforms-2816-field_2\" class=\"wpforms-field-name-first wpforms-field-required\" name=\"wpforms[fields][2][first]\" aria-errormessage=\"wpforms-2816-field_2-error\" required><label for=\"wpforms-2816-field_2\" class=\"wpforms-field-sublabel after \">Pr\u00e9nom<\/label><\/div><div class=\"wpforms-field-row-block wpforms-one-half\"><input type=\"text\" id=\"wpforms-2816-field_2-last\" class=\"wpforms-field-name-last wpforms-field-required\" name=\"wpforms[fields][2][last]\" aria-errormessage=\"wpforms-2816-field_2-last-error\" required><label for=\"wpforms-2816-field_2-last\" class=\"wpforms-field-sublabel after \">Nom<\/label><\/div><\/div><\/fieldset><\/div><div id=\"wpforms-2816-field_1-container\" class=\"wpforms-field wpforms-field-text\" data-field-id=\"1\"><label class=\"wpforms-field-label\" for=\"wpforms-2816-field_1\">Nom de votre soci\u00e9t\u00e9<\/label><input type=\"text\" id=\"wpforms-2816-field_1\" class=\"wpforms-field-large\" name=\"wpforms[fields][1]\" aria-errormessage=\"wpforms-2816-field_1-error\" ><\/div><div id=\"wpforms-2816-field_4-container\" class=\"wpforms-field wpforms-field-email\" data-field-id=\"4\"><fieldset><legend class=\"wpforms-field-label\">Votre adresse e-mail <span class=\"wpforms-required-label\" aria-hidden=\"true\">*<\/span><\/legend><div class=\"wpforms-field-row wpforms-field-large\"><div class=\"wpforms-field-row-block wpforms-one-half wpforms-first\"><input type=\"email\" id=\"wpforms-2816-field_4\" class=\"wpforms-field-required wpforms-field-email-primary\" name=\"wpforms[fields][4][primary]\" spellcheck=\"false\" aria-errormessage=\"wpforms-2816-field_4-error\" required><label for=\"wpforms-2816-field_4\" class=\"wpforms-field-sublabel after \">E-mail<\/label><\/div><div class=\"wpforms-field-row-block wpforms-one-half\"><input type=\"email\" id=\"wpforms-2816-field_4-secondary\" class=\"wpforms-field-email-secondary wpforms-field-required\" data-rule-confirm=\"#wpforms-2816-field_4\" name=\"wpforms[fields][4][secondary]\" spellcheck=\"false\" aria-errormessage=\"wpforms-2816-field_4-secondary-error\" required><label for=\"wpforms-2816-field_4-secondary\" class=\"wpforms-field-sublabel after \">Confirmez l\u2019e-mail<\/label><\/div><\/div><\/fieldset><\/div><div id=\"wpforms-2816-field_5-container\" class=\"wpforms-field wpforms-field-phone\" data-field-id=\"5\"><label class=\"wpforms-field-label\" for=\"wpforms-2816-field_5\">Votre num\u00e9ro de t\u00e9l\u00e9phone<\/label><input type=\"tel\" id=\"wpforms-2816-field_5\" class=\"wpforms-field-large wpforms-smart-phone-field\" data-rule-smart-phone-field=\"true\" name=\"wpforms[fields][5]\" aria-errormessage=\"wpforms-2816-field_5-error\" ><\/div><div id=\"wpforms-2816-field_6-container\" class=\"wpforms-field wpforms-field-select wpforms-field-select-style-modern\" data-field-id=\"6\"><label class=\"wpforms-field-label\" for=\"wpforms-2816-field_6\">Type d&#039;abus <span class=\"wpforms-required-label\" aria-hidden=\"true\">*<\/span><\/label><select id=\"wpforms-2816-field_6\" class=\"wpforms-field-large wpforms-field-required choicesjs-select\" data-size-class=\"wpforms-field-row wpforms-field-large\" data-search-enabled=\"1\" name=\"wpforms[fields][6][]\" required=\"required\" multiple=\"multiple\"><option value=\"\" class=\"placeholder\" disabled >S\u00e9lectionnez un type d&#039;abus<\/option><option value=\"S\u00e9lectionnez un type d&#039;abus\" >S\u00e9lectionnez un type d&#039;abus<\/option><option value=\"Hame\u00e7onnage (phishing)\" >Hame\u00e7onnage (phishing)<\/option><option value=\"Viloation de droit d&#039;auteur (Copyright)\" >Viloation de droit d&#039;auteur (Copyright)<\/option><option value=\"Usurpation de marque d\u00e9pos\u00e9e\" >Usurpation de marque d\u00e9pos\u00e9e<\/option><option value=\"Usurpation d&#039;identit\u00e9\" >Usurpation d&#039;identit\u00e9<\/option><option value=\"Contenu illicite\" >Contenu illicite<\/option><option value=\"H\u00e9bergement de malware (virus) ou autres codes malicieux spam\" >H\u00e9bergement de malware (virus) ou autres codes malicieux spam<\/option><option value=\"Spam\" >Spam<\/option><option value=\"Tentative d&#039;intrusion par force brute\" >Tentative d&#039;intrusion par force brute<\/option><option value=\"Scan de ports r\u00e9seau ou d&#039;URL (tentatives d&#039;intrusion)\" >Scan de ports r\u00e9seau ou d&#039;URL (tentatives d&#039;intrusion)<\/option><option value=\"Attaque Dos\/DDoS\" >Attaque Dos\/DDoS<\/option><\/select><\/div><div id=\"wpforms-2816-field_7-container\" class=\"wpforms-field wpforms-field-url\" data-field-id=\"7\"><label class=\"wpforms-field-label\" for=\"wpforms-2816-field_7\">Nom de domaine du site <span class=\"wpforms-required-label\" aria-hidden=\"true\">*<\/span><\/label><input type=\"url\" id=\"wpforms-2816-field_7\" class=\"wpforms-field-large wpforms-field-required\" name=\"wpforms[fields][7]\" aria-errormessage=\"wpforms-2816-field_7-error\" required><\/div><div id=\"wpforms-2816-field_9-container\" class=\"wpforms-field wpforms-field-richtext wpforms-field-richtext-media-enabled wpforms-field-richtext-toolbar-basic wpforms-field-large\" data-field-id=\"9\"><fieldset><legend class=\"wpforms-field-label\">Description <span class=\"wpforms-required-label\" aria-hidden=\"true\">*<\/span><\/legend><div id=\"wp-wpforms-2816-field_9-wrap\" class=\"wp-core-ui wp-editor-wrap tmce-active\"><link rel='stylesheet' id='dashicons-css' href='https:\/\/cmediahost.top\/wp-includes\/css\/dashicons.min.css?ver=6.9.4' media='all' \/>\n<link rel='stylesheet' id='editor-buttons-css' href='https:\/\/cmediahost.top\/wp-includes\/css\/editor.min.css?ver=6.9.4' media='all' \/>\n<style>.wpforms-field-richtext .insert-media.add_media { display: none !important; }<\/style>\n<div id=\"wp-wpforms-2816-field_9-editor-tools\" class=\"wp-editor-tools hide-if-no-js\"><div id=\"wp-wpforms-2816-field_9-media-buttons\" class=\"wp-media-buttons\"><button type=\"button\" id=\"insert-media-button\" class=\"button insert-media add_media\" data-editor=\"wpforms-2816-field_9\" aria-haspopup=\"dialog\" aria-controls=\"wp-media-modal\"><span class=\"wp-media-buttons-icon\" aria-hidden=\"true\"><\/span> Ajouter un m\u00e9dia<\/button><\/div>\n<div class=\"wp-editor-tabs\"><button type=\"button\" id=\"wpforms-2816-field_9-tmce\" aria-pressed=\"true\" class=\"wp-switch-editor switch-tmce\" data-wp-editor-id=\"wpforms-2816-field_9\">Visuel<\/button>\n<button type=\"button\" id=\"wpforms-2816-field_9-html\" class=\"wp-switch-editor switch-html\" data-wp-editor-id=\"wpforms-2816-field_9\">Code<\/button>\n<\/div>\n<\/div>\n<div id=\"wp-wpforms-2816-field_9-editor-container\" class=\"wp-editor-container\"><div id=\"qt_wpforms-2816-field_9_toolbar\" class=\"quicktags-toolbar hide-if-no-js\"><\/div><textarea class=\"wpforms-field-required wp-editor-area\" style=\"height: 220px\" autocomplete=\"off\" cols=\"40\" name=\"wpforms[fields][9]\" id=\"wpforms-2816-field_9\"><\/textarea><\/div>\n<\/div>\n\n<div id=\"wpforms-2816-field_9-description\" class=\"wpforms-field-description\">Merci de nous indiquer une description pr\u00e9cise avec extrait des logs et heure de l'incident (entre 30 et 500 caract\u00e8res) <\/div><\/fieldset><\/div><div id=\"wpforms-2816-field_10-container\" class=\"wpforms-field wpforms-field-file-upload\" data-field-id=\"10\"><label class=\"wpforms-field-label\" for=\"wpforms-2816-field_10\">Ajouter une pi\u00e8ce jointe \u00e0 votre signalement<\/label><div\n\t\tclass=\"wpforms-uploader\"\n\t\tdata-field-id=\"10\"\n\t\tdata-form-id=\"2816\"\n\t\tdata-input-name=\"wpforms_2816_10\"\n\t\tdata-extensions=\"jpg,jpeg,jpe,gif,png,bmp,tiff,tif,webp,avif,ico,heic,heif,heics,heifs,asf,asx,wmv,wmx,wm,avi,divx,mov,qt,mpeg,mpg,mpe,mp4,m4v,ogv,webm,mkv,3gp,3gpp,3g2,3gp2,txt,asc,c,cc,h,srt,csv,tsv,ics,rtx,css,vtt,mp3,m4a,m4b,aac,ra,ram,wav,x-wav,ogg,oga,flac,mid,midi,wma,wax,mka,rtf,pdf,class,tar,zip,gz,gzip,rar,7z,psd,xcf,doc,pot,pps,ppt,wri,xla,xls,xlt,xlw,mpp,docx,docm,dotx,dotm,xlsx,xlsm,xlsb,xltx,xltm,xlam,pptx,pptm,ppsx,ppsm,potx,potm,ppam,sldx,sldm,onetoc,onetoc2,onepkg,oxps,xps,odt,odp,ods,odg,odc,odb,odf,wp,wpd,key,numbers,pages\"\n\t\tdata-max-size=\"536870912\"\n\t\tdata-max-file-number=\"10\"\n\t\tdata-post-max-size=\"536870912\"\n\t\tdata-max-parallel-uploads=\"4\"\n\t\tdata-parallel-uploads=\"true\"\n\t\tdata-file-chunk-size=\"2097152\">\n\t<div class=\"dz-message\">\n\t\t<svg viewBox=\"0 0 1024 1024\" focusable=\"false\" data-icon=\"inbox\" width=\"50px\" height=\"50px\" fill=\"currentColor\" aria-hidden=\"true\">\n\t\t\t<path d=\"M885.2 446.3l-.2-.8-112.2-285.1c-5-16.1-19.9-27.2-36.8-27.2H281.2c-17 0-32.1 11.3-36.9 27.6L139.4 443l-.3.7-.2.8c-1.3 4.9-1.7 9.9-1 14.8-.1 1.6-.2 3.2-.2 4.8V830a60.9 60.9 0 0 0 60.8 60.8h627.2c33.5 0 60.8-27.3 60.9-60.8V464.1c0-1.3 0-2.6-.1-3.7.4-4.9 0-9.6-1.3-14.1zm-295.8-43l-.3 15.7c-.8 44.9-31.8 75.1-77.1 75.1-22.1 0-41.1-7.1-54.8-20.6S436 441.2 435.6 419l-.3-15.7H229.5L309 210h399.2l81.7 193.3H589.4zm-375 76.8h157.3c24.3 57.1 76 90.8 140.4 90.8 33.7 0 65-9.4 90.3-27.2 22.2-15.6 39.5-37.4 50.7-63.6h156.5V814H214.4V480.1z\"><\/path>\n\t\t<\/svg>\n\t\t<span class=\"modern-title\">Cliquez ou d\u00e9placez les fichiers vers cette zone pour les t\u00e9l\u00e9verser.<\/span>\n\n\t\t\t\t\t<span class=\"modern-hint\">Vous pouvez t\u00e9l\u00e9verser jusqu\u2019\u00e0 10 fichiers.<\/span>\n\t\t\t<\/div>\n<\/div>\n<input\n\t\ttype=\"text\"\n\t\tautocomplete=\"off\"\n\t\tclass=\"dropzone-input\"\n\t\tstyle=\"position:absolute!important;clip:rect(0,0,0,0)!important;height:1px!important;width:1px!important;border:0!important;overflow:hidden!important;padding:0!important;margin:0!important;\"\n\t\tid=\"wpforms-2816-field_10\"\n\t\tname=\"wpforms_2816_10\" \t\tvalue=\"\">\n<div id=\"wpforms-2816-field_10-description\" class=\"wpforms-field-description\">La taille du fichier ne peut pas exc\u00e9der 50 Mo et doit \u00eatre une image, un fichier PDF ou une archive .ZIP<\/div><\/div><div id=\"wpforms-2816-field_11-container\" class=\"wpforms-field wpforms-field-captcha\" data-field-id=\"11\"><label class=\"wpforms-field-label\" for=\"wpforms-2816-field_11\">CAPTCHA <span class=\"wpforms-required-label\" aria-hidden=\"true\">*<\/span><\/label>\t\t\t<div class=\"wpforms-captcha-math\">\n\t\t\t\t<span id=\"wpforms-2816-field_11-question\" class=\"wpforms-captcha-equation\">\n\t\t\t\t\t<span class=\"n1\">3<\/span>\n\t\t\t\t\t\t\t<span class=\"cal\">*<\/span>\n\t\t\t\t\t\t\t<span class=\"n2\">3<\/span>\t\t\t\t\t<span class=\"e\">=<\/span>\n\t\t\t\t<\/span>\n\t\t\t\t<input type=\"text\" id=\"wpforms-2816-field_11\" class=\"wpforms-field-large wpforms-field-required a\" data-rule-wpf-captcha=\"math\" data-is-wrapped-field=\"1\" name=\"wpforms[fields][11][a]\" aria-errormessage=\"wpforms-2816-field_11-error\" aria-describedby=\"wpforms-2816-field_11-description wpforms-2816-field_11-question\" required>\t\t\t\t<input type=\"hidden\" name=\"wpforms[fields][11][cal]\" class=\"cal\">\n\t\t\t\t<input type=\"hidden\" name=\"wpforms[fields][11][n2]\" class=\"n2\">\n\t\t\t\t<input type=\"hidden\" name=\"wpforms[fields][11][n1]\" class=\"n1\">\n\t\t\t<\/div>\n\t\t\t<div id=\"wpforms-2816-field_11-description\" class=\"wpforms-field-description\">\u00c0 des fins de s\u00e9curit\u00e9, veuillez r\u00e9pondre \u00e0 notre question math\u00e9matique, s'il vous pla\u00eet.<\/div><\/div><\/div><!-- .wpforms-field-container --><div class=\"wpforms-submit-container\" ><input type=\"hidden\" name=\"wpforms[id]\" value=\"2816\"><input type=\"hidden\" name=\"wpforms[author]\" value=\"1\"><button type=\"submit\" name=\"wpforms[submit]\" id=\"wpforms-submit-2816\" class=\"wpforms-submit\" data-alt-text=\"Envoi...\" data-submit-text=\"Envoyer votre signalement \" aria-live=\"assertive\" value=\"wpforms-submit\">Envoyer votre signalement <\/button><img decoding=\"async\" src=\"https:\/\/cmediahost.top\/wp-content\/plugins\/wpforms\/assets\/images\/submit-spin.svg\" class=\"wpforms-submit-spinner\" style=\"display: none;\" width=\"26\" height=\"26\" alt=\"Chargement en cours\"><\/div><\/form><\/div>  <!-- .wpforms-container --><\/div>\n\t\t\t\t\t\t<\/div>\n\t\t\t\t<\/div>\n\t\t\t\t\t<\/div>\n\t\t\t\t<\/div>\n\t\t\t\t<\/div>\n\t\t","protected":false},"excerpt":{"rendered":"<p>Signaler un Abus Si vous avez subi un probl\u00e8me de s\u00e9curit\u00e9 avec un de nos abonn\u00e9s, merci de remplir le formulaire ci-dessous pour nous le signaler. Vous recevrez une confirmation par email une fois votre abuse traiter, dans un d\u00e9lai approximatif de 24 \u00e0 48 heures. Formulaire de signalement d&rsquo;abus<\/p>\n","protected":false},"author":1,"featured_media":0,"parent":0,"menu_order":0,"comment_status":"closed","ping_status":"closed","template":"elementor_header_footer","meta":{"inline_featured_image":false,"footnotes":""},"class_list":["post-3104","page","type-page","status-publish","hentry"],"_links":{"self":[{"href":"https:\/\/cmediahost.top\/index.php\/wp-json\/wp\/v2\/pages\/3104","targetHints":{"allow":["GET"]}}],"collection":[{"href":"https:\/\/cmediahost.top\/index.php\/wp-json\/wp\/v2\/pages"}],"about":[{"href":"https:\/\/cmediahost.top\/index.php\/wp-json\/wp\/v2\/types\/page"}],"author":[{"embeddable":true,"href":"https:\/\/cmediahost.top\/index.php\/wp-json\/wp\/v2\/users\/1"}],"replies":[{"embeddable":true,"href":"https:\/\/cmediahost.top\/index.php\/wp-json\/wp\/v2\/comments?post=3104"}],"version-history":[{"count":13,"href":"https:\/\/cmediahost.top\/index.php\/wp-json\/wp\/v2\/pages\/3104\/revisions"}],"predecessor-version":[{"id":3763,"href":"https:\/\/cmediahost.top\/index.php\/wp-json\/wp\/v2\/pages\/3104\/revisions\/3763"}],"wp:attachment":[{"href":"https:\/\/cmediahost.top\/index.php\/wp-json\/wp\/v2\/media?parent=3104"}],"curies":[{"name":"wp","href":"https:\/\/api.w.org\/{rel}","templated":true}]}}