{"id":3124,"date":"2023-10-23T14:11:38","date_gmt":"2023-10-23T14:11:38","guid":{"rendered":"https:\/\/cmediahost.top\/?page_id=3124"},"modified":"2023-10-25T09:17:14","modified_gmt":"2023-10-25T09:17:14","slug":"garantie-de-service","status":"publish","type":"page","link":"https:\/\/cmediahost.top\/index.php\/garantie-de-service\/","title":{"rendered":"Garantie de service"},"content":{"rendered":"\t\t<div data-elementor-type=\"wp-page\" data-elementor-id=\"3124\" class=\"elementor elementor-3124\" data-elementor-settings=\"{&quot;ha_cmc_init_switcher&quot;:&quot;no&quot;}\" data-elementor-post-type=\"page\">\n\t\t\t\t<div class=\"elementor-element elementor-element-ab0eb1f e-con-full e-flex e-con e-parent\" data-id=\"ab0eb1f\" data-element_type=\"container\" data-e-type=\"container\" data-settings=\"{&quot;_ha_eqh_enable&quot;:false}\">\n\t\t\t\t<div class=\"elementor-element elementor-element-8477c92 elementor-widget elementor-widget-hos-hero-four-id\" data-id=\"8477c92\" data-element_type=\"widget\" data-e-type=\"widget\" data-widget_type=\"hos-hero-four-id.default\">\n\t\t\t\t<div class=\"elementor-widget-container\">\n\t\t\t\t\t    <section class=\"banner-section-four\">\r\n        \t\t    <div class=\"vector-layer\" style=\"background-image: url(https:\/\/cmediahost.top\/wp-content\/uploads\/2023\/10\/vector-1.png)\"><\/div>\r\n        \t\t<div class=\"auto-container\">\r\n            <div class=\"row clearfix d-flex align-items-center\">\r\n\t\t\t\t\r\n\t\t\t\t<!-- Content Column -->\r\n\t\t\t\t<div class=\"content-column col-lg-6 col-md-12 col-sm-12\">\r\n\t\t\t\t\t<div class=\"inner-column\">\r\n\t\t\t\t\t\t<div class=\"title\">Notre garantie de temps de disponibilit\u00e9 de 99,9 %<\/div>\r\n\t\t\t\t\t\t<h1>Garantie de service<\/h1>\r\n\t\t\t\t\t\t<div class=\"text\"><\/div>\r\n\t\t\t\t\t\t<!-- Check List -->\r\n\t\t\t\t\t\t<div class=\"check-list\">\r\n\t\t\t\t\t\t\t\t\t\t\t\t\t<\/div>\r\n\t\t\t\t\t\t<div class=\"options-box d-flex align-items-center\">\r\n                                                                                    \t\t\t\t\t\t<\/div>\r\n\t\t\t\t\t<\/div>\r\n\t\t\t\t<\/div>\r\n\t\t\t\t\r\n\t\t\t\t<!-- Image Column -->\r\n                \t\t\t\t<div class=\"image-column col-lg-6 col-md-12 col-sm-12\">\r\n\t\t\t\t\t<div class=\"inner-column parallax-scene-1\">\r\n\t\t\t\t\t\t<div class=\"image\" data-depth=\"0.20\">\r\n\t\t\t\t\t\t\t<img decoding=\"async\" src=\"https:\/\/cmediahost.top\/wp-content\/uploads\/2023\/10\/faq-1.png\" alt=\"\" \/>\r\n\t\t\t\t\t\t<\/div>\r\n\t\t\t\t\t<\/div>\r\n\t\t\t\t<\/div>\r\n\t\t\t\t\t\t\t<\/div>\r\n\t\t<\/div>\r\n\t<\/section>\r\n\r\n    \t\t\t\t<\/div>\n\t\t\t\t<\/div>\n\t\t\t\t<\/div>\n\t\t<div class=\"elementor-element elementor-element-22cdc5b e-flex e-con-boxed e-con e-parent\" data-id=\"22cdc5b\" data-element_type=\"container\" data-e-type=\"container\" data-settings=\"{&quot;_ha_eqh_enable&quot;:false}\">\n\t\t\t\t\t<div class=\"e-con-inner\">\n\t\t<div class=\"elementor-element elementor-element-a14f36f e-con-full e-flex e-con e-child\" data-id=\"a14f36f\" data-element_type=\"container\" data-e-type=\"container\" data-settings=\"{&quot;_ha_eqh_enable&quot;:false}\">\n\t\t\t\t<div class=\"elementor-element elementor-element-6dd37f6 elementor-widget elementor-widget-image\" data-id=\"6dd37f6\" data-element_type=\"widget\" data-e-type=\"widget\" data-widget_type=\"image.default\">\n\t\t\t\t<div class=\"elementor-widget-container\">\n\t\t\t\t\t\t\t\t\t\t\t\t\t\t\t<img decoding=\"async\" src=\"https:\/\/cmediahost.top\/wp-content\/uploads\/elementor\/thumbs\/Media1-2_Datacentre_transformation_with_Cloud_Solutions@2x-qpgy68b2tenq2k4uh8pjnpt98ae5636ucroxspf8v4.png\" title=\"Media1-2_Datacentre_transformation_with_Cloud_Solutions@2x\" alt=\"Media1-2_Datacentre_transformation_with_Cloud_Solutions@2x\" loading=\"lazy\" \/>\t\t\t\t\t\t\t\t\t\t\t\t\t\t\t<\/div>\n\t\t\t\t<\/div>\n\t\t\t\t<\/div>\n\t\t<div class=\"elementor-element elementor-element-f82a5af e-con-full e-flex e-con e-child\" data-id=\"f82a5af\" data-element_type=\"container\" data-e-type=\"container\" data-settings=\"{&quot;_ha_eqh_enable&quot;:false}\">\n\t\t\t\t<div class=\"elementor-element elementor-element-482378c elementor-widget elementor-widget-text-editor\" data-id=\"482378c\" data-element_type=\"widget\" data-e-type=\"widget\" data-widget_type=\"text-editor.default\">\n\t\t\t\t<div class=\"elementor-widget-container\">\n\t\t\t\t\t\t\t\t\t<p style=\"font-size: 24px;\"><strong>L\u2019excellence en h\u00e9bergement<\/strong><\/p>\n\t\t\t\t\t\t\t\t<\/div>\n\t\t\t\t<\/div>\n\t\t\t\t<div class=\"elementor-element elementor-element-dd8d23c elementor-widget elementor-widget-text-editor\" data-id=\"dd8d23c\" data-element_type=\"widget\" data-e-type=\"widget\" data-widget_type=\"text-editor.default\">\n\t\t\t\t<div class=\"elementor-widget-container\">\n\t\t\t\t\t\t\t\t\t<p style=\"font-size: 20px;\">Depuis notre cr\u00e9ation, Cmediahost s\u2019est efforc\u00e9 \u00e0 mettre en place une exp\u00e9rience d\u2019h\u00e9bergement qui soit id\u00e9ale, ayant pour objectif le maintien d\u2019un service des plus fiables. Tel que d\u00e9montr\u00e9 par nos donn\u00e9es historiques, nous sommes fiers de pouvoir garantir un temps de disponibilit\u00e9 ne s\u2019\u00e9tablissant jamais en-de\u00e7\u00e0 de 99,9 %. C\u2019est garantie !<\/p>\t\t\t\t\t\t\t\t<\/div>\n\t\t\t\t<\/div>\n\t\t\t\t<\/div>\n\t\t\t\t\t<\/div>\n\t\t\t\t<\/div>\n\t\t<div class=\"elementor-element elementor-element-0e6162b e-flex e-con-boxed e-con e-parent\" data-id=\"0e6162b\" data-element_type=\"container\" data-e-type=\"container\" data-settings=\"{&quot;_ha_eqh_enable&quot;:false}\">\n\t\t\t\t\t<div class=\"e-con-inner\">\n\t\t<div class=\"elementor-element elementor-element-4f8285d e-con-full e-flex e-con e-child\" data-id=\"4f8285d\" data-element_type=\"container\" data-e-type=\"container\" data-settings=\"{&quot;_ha_eqh_enable&quot;:false}\">\n\t\t\t\t<div class=\"elementor-element elementor-element-834cb3b elementor-widget elementor-widget-image\" data-id=\"834cb3b\" data-element_type=\"widget\" data-e-type=\"widget\" data-widget_type=\"image.default\">\n\t\t\t\t<div class=\"elementor-widget-container\">\n\t\t\t\t\t\t\t\t\t\t\t\t\t\t\t<img decoding=\"async\" src=\"https:\/\/cmediahost.top\/wp-content\/uploads\/2023\/10\/cta-1.png\" title=\"cta (1)\" alt=\"cta (1)\" loading=\"lazy\" \/>\t\t\t\t\t\t\t\t\t\t\t\t\t\t\t<\/div>\n\t\t\t\t<\/div>\n\t\t\t\t<\/div>\n\t\t<div class=\"elementor-element elementor-element-63a37a4 e-con-full e-flex e-con e-child\" data-id=\"63a37a4\" data-element_type=\"container\" data-e-type=\"container\" data-settings=\"{&quot;_ha_eqh_enable&quot;:false}\">\n\t\t\t\t<div class=\"elementor-element elementor-element-924dc33 elementor-widget elementor-widget-text-editor\" data-id=\"924dc33\" data-element_type=\"widget\" data-e-type=\"widget\" data-widget_type=\"text-editor.default\">\n\t\t\t\t<div class=\"elementor-widget-container\">\n\t\t\t\t\t\t\t\t\t<p style=\"font-size: 20px;\">Garantie pour un service de qualit\u00e9<\/p>\t\t\t\t\t\t\t\t<\/div>\n\t\t\t\t<\/div>\n\t\t\t\t<div class=\"elementor-element elementor-element-305efb9 elementor-icon-list--layout-traditional elementor-list-item-link-full_width elementor-widget elementor-widget-icon-list\" data-id=\"305efb9\" data-element_type=\"widget\" data-e-type=\"widget\" data-widget_type=\"icon-list.default\">\n\t\t\t\t<div class=\"elementor-widget-container\">\n\t\t\t\t\t\t\t<ul class=\"elementor-icon-list-items\">\n\t\t\t\t\t\t\t<li class=\"elementor-icon-list-item\">\n\t\t\t\t\t\t\t\t\t\t\t<span class=\"elementor-icon-list-icon\">\n\t\t\t\t\t\t\t<i aria-hidden=\"true\" class=\"flaticon flaticon-074-check-mark\"><\/i>\t\t\t\t\t\t<\/span>\n\t\t\t\t\t\t\t\t\t\t<span class=\"elementor-icon-list-text\">Cmediahost, nous garantissons fournir un service de qualit\u00e9, mais plus particuli\u00e8rement, nous offrons :<\/span>\n\t\t\t\t\t\t\t\t\t<\/li>\n\t\t\t\t\t\t\t\t<li class=\"elementor-icon-list-item\">\n\t\t\t\t\t\t\t\t\t\t\t<span class=\"elementor-icon-list-icon\">\n\t\t\t\t\t\t\t<i aria-hidden=\"true\" class=\"flaticon flaticon-074-check-mark\"><\/i>\t\t\t\t\t\t<\/span>\n\t\t\t\t\t\t\t\t\t\t<span class=\"elementor-icon-list-text\">Une garantie de temps de disponibilit\u00e9 de 99,9 % ;<\/span>\n\t\t\t\t\t\t\t\t\t<\/li>\n\t\t\t\t\t\t\t\t<li class=\"elementor-icon-list-item\">\n\t\t\t\t\t\t\t\t\t\t\t<span class=\"elementor-icon-list-icon\">\n\t\t\t\t\t\t\t<i aria-hidden=\"true\" class=\"flaticon flaticon-074-check-mark\"><\/i>\t\t\t\t\t\t<\/span>\n\t\t\t\t\t\t\t\t\t\t<span class=\"elementor-icon-list-text\">Une assistance par courriel 24\/7 ;<\/span>\n\t\t\t\t\t\t\t\t\t<\/li>\n\t\t\t\t\t\t\t\t<li class=\"elementor-icon-list-item\">\n\t\t\t\t\t\t\t\t\t\t\t<span class=\"elementor-icon-list-icon\">\n\t\t\t\t\t\t\t<i aria-hidden=\"true\" class=\"flaticon flaticon-074-check-mark\"><\/i>\t\t\t\t\t\t<\/span>\n\t\t\t\t\t\t\t\t\t\t<span class=\"elementor-icon-list-text\">Une assistance par t\u00e9l\u00e9phone et en ligne multilingue ;<\/span>\n\t\t\t\t\t\t\t\t\t<\/li>\n\t\t\t\t\t\t\t\t<li class=\"elementor-icon-list-item\">\n\t\t\t\t\t\t\t\t\t\t\t<span class=\"elementor-icon-list-icon\">\n\t\t\t\t\t\t\t<i aria-hidden=\"true\" class=\"flaticon flaticon-074-check-mark\"><\/i>\t\t\t\t\t\t<\/span>\n\t\t\t\t\t\t\t\t\t\t<span class=\"elementor-icon-list-text\">Une garantie satisfaction ou argent remis si l\u2019annulation est demand\u00e9e en de\u00e7\u00e0 de la p\u00e9riode de garantie.<\/span>\n\t\t\t\t\t\t\t\t\t<\/li>\n\t\t\t\t\t\t<\/ul>\n\t\t\t\t\t\t<\/div>\n\t\t\t\t<\/div>\n\t\t\t\t<div class=\"elementor-element elementor-element-0e34675 elementor-widget elementor-widget-text-editor\" data-id=\"0e34675\" data-element_type=\"widget\" data-e-type=\"widget\" data-widget_type=\"text-editor.default\">\n\t\t\t\t<div class=\"elementor-widget-container\">\n\t\t\t\t\t\t\t\t\t<p style=\"font-size: 20px;\"><strong>Note :<\/strong> En raison de la nature des produits, les services suivants ne sont pas remboursables : noms de domaine, confidentialit\u00e9 de domaine, frais d\u2019\u00e9tablissement, sites web mobiles et tout autre service suppl\u00e9mentaire. La p\u00e9riode de garantie de remboursement d\u00e9bute lorsque le compte est initialement activ\u00e9, sans \u00e9gard aux p\u00e9riodes promotionnelles ou d\u2019essai gratuit.<\/p>\t\t\t\t\t\t\t\t<\/div>\n\t\t\t\t<\/div>\n\t\t\t\t<\/div>\n\t\t\t\t\t<\/div>\n\t\t\t\t<\/div>\n\t\t\t\t<\/div>\n\t\t","protected":false},"excerpt":{"rendered":"<p>Notre garantie de temps de disponibilit\u00e9 de 99,9 % Garantie de service L\u2019excellence en h\u00e9bergement Depuis notre cr\u00e9ation, Cmediahost s\u2019est efforc\u00e9 \u00e0 mettre en place une exp\u00e9rience d\u2019h\u00e9bergement qui soit id\u00e9ale, ayant pour objectif le maintien d\u2019un service des plus fiables. Tel que d\u00e9montr\u00e9 par nos donn\u00e9es historiques, nous sommes fiers de pouvoir garantir un [&hellip;]<\/p>\n","protected":false},"author":1,"featured_media":0,"parent":0,"menu_order":0,"comment_status":"closed","ping_status":"closed","template":"elementor_header_footer","meta":{"inline_featured_image":false,"footnotes":""},"class_list":["post-3124","page","type-page","status-publish","hentry"],"_links":{"self":[{"href":"https:\/\/cmediahost.top\/index.php\/wp-json\/wp\/v2\/pages\/3124","targetHints":{"allow":["GET"]}}],"collection":[{"href":"https:\/\/cmediahost.top\/index.php\/wp-json\/wp\/v2\/pages"}],"about":[{"href":"https:\/\/cmediahost.top\/index.php\/wp-json\/wp\/v2\/types\/page"}],"author":[{"embeddable":true,"href":"https:\/\/cmediahost.top\/index.php\/wp-json\/wp\/v2\/users\/1"}],"replies":[{"embeddable":true,"href":"https:\/\/cmediahost.top\/index.php\/wp-json\/wp\/v2\/comments?post=3124"}],"version-history":[{"count":10,"href":"https:\/\/cmediahost.top\/index.php\/wp-json\/wp\/v2\/pages\/3124\/revisions"}],"predecessor-version":[{"id":3785,"href":"https:\/\/cmediahost.top\/index.php\/wp-json\/wp\/v2\/pages\/3124\/revisions\/3785"}],"wp:attachment":[{"href":"https:\/\/cmediahost.top\/index.php\/wp-json\/wp\/v2\/media?parent=3124"}],"curies":[{"name":"wp","href":"https:\/\/api.w.org\/{rel}","templated":true}]}}