{"id":3133,"date":"2023-10-23T15:19:25","date_gmt":"2023-10-23T15:19:25","guid":{"rendered":"https:\/\/cmediahost.top\/?page_id=3133"},"modified":"2023-10-25T09:02:51","modified_gmt":"2023-10-25T09:02:51","slug":"politique-de-remboursement","status":"publish","type":"page","link":"https:\/\/cmediahost.top\/index.php\/politique-de-remboursement\/","title":{"rendered":"Politique de Remboursement"},"content":{"rendered":"\t\t<div data-elementor-type=\"wp-page\" data-elementor-id=\"3133\" class=\"elementor elementor-3133\" data-elementor-settings=\"{&quot;ha_cmc_init_switcher&quot;:&quot;no&quot;}\" data-elementor-post-type=\"page\">\n\t\t\t\t<div class=\"elementor-element elementor-element-bba7e0a e-con-full e-flex e-con e-parent\" data-id=\"bba7e0a\" data-element_type=\"container\" data-e-type=\"container\" data-settings=\"{&quot;_ha_eqh_enable&quot;:false}\">\n\t\t\t\t<div class=\"elementor-element elementor-element-9330d47 elementor-widget elementor-widget-hos-hero-five-id\" data-id=\"9330d47\" data-element_type=\"widget\" data-e-type=\"widget\" data-widget_type=\"hos-hero-five-id.default\">\n\t\t\t\t<div class=\"elementor-widget-container\">\n\t\t\t\t\t    <section class=\"banner-section-five\">\r\n        \t\t    <div class=\"vector-layer\" style=\"background-image: url(https:\/\/cmediahost.top\/wp-content\/uploads\/2023\/10\/vector-1.png)\"><\/div>\r\n        \t\t<div class=\"auto-container\">\r\n\t\t\t<!-- Icon One -->\r\n            \t\t\t<!-- Icon Two -->\r\n            \t\t\t<!-- Icon Three -->\r\n            \t\t\t<!-- Icon Four -->\r\n            \t\t\t<!-- Content Box -->\r\n\t\t\t<div class=\"content-box\">\r\n\t\t\t\t<div class=\"inner-box\">\r\n\t\t\t\t\t<div class=\"title\">Politique De Remboursement<\/div>\r\n\t\t\t\t\t<h1>Politique de Remboursement de Cmediahost pour H\u00e9bergement Web et Noms de Domaine<\/h1>\r\n\t\t\t\t\t<div class=\"text\"><\/div>\r\n\t\t\t\t\t<!-- Check List -->\r\n\t\t\t\t\t<div class=\"check-list\">\r\n                        \t\t\t\t\t<\/div>\r\n\t\t\t\t\t<div class=\"options-box\">\r\n                                                \t\t\t\t\t<\/div>\r\n\t\t\t\t<\/div>\r\n\t\t\t<\/div>\r\n\t\t\t\r\n\t\t<\/div>\r\n\t<\/section>\r\n\r\n    \t\t\t\t<\/div>\n\t\t\t\t<\/div>\n\t\t\t\t<\/div>\n\t\t<div class=\"elementor-element elementor-element-ff9fff9 e-flex e-con-boxed e-con e-parent\" data-id=\"ff9fff9\" data-element_type=\"container\" data-e-type=\"container\" data-settings=\"{&quot;_ha_eqh_enable&quot;:false}\">\n\t\t\t\t\t<div class=\"e-con-inner\">\n\t\t\t\t<div class=\"elementor-element elementor-element-a12c15f elementor-widget elementor-widget-text-editor\" data-id=\"a12c15f\" data-element_type=\"widget\" data-e-type=\"widget\" data-widget_type=\"text-editor.default\">\n\t\t\t\t<div class=\"elementor-widget-container\">\n\t\t\t\t\t\t\t\t\t<p style=\"font-size: 20px;\">\nChez Cmediahost, nous nous effor\u00e7ons de fournir \u00e0 nos clients des services d&rsquo;h\u00e9bergement web et de noms de domaine de la plus haute qualit\u00e9. Cependant, nous comprenons que des situations peuvent survenir o\u00f9 vous pourriez envisager un remboursement. Voici notre politique de remboursement d\u00e9taill\u00e9e :\n<\/p>\t\t\t\t\t\t\t\t<\/div>\n\t\t\t\t<\/div>\n\t\t\t\t\t<\/div>\n\t\t\t\t<\/div>\n\t\t<div class=\"elementor-element elementor-element-c51c597 e-flex e-con-boxed e-con e-parent\" data-id=\"c51c597\" data-element_type=\"container\" data-e-type=\"container\" data-settings=\"{&quot;_ha_eqh_enable&quot;:false}\">\n\t\t\t\t\t<div class=\"e-con-inner\">\n\t\t\t\t<div class=\"elementor-element elementor-element-adbd1f6 elementor-widget elementor-widget-hos-section-title-id\" data-id=\"adbd1f6\" data-element_type=\"widget\" data-e-type=\"widget\" data-widget_type=\"hos-section-title-id.default\">\n\t\t\t\t<div class=\"elementor-widget-container\">\n\t\t\t\t\t    <div class=\"sec-title   text-left\">\r\n        <div class=\"title\"><span><\/span><\/div>\r\n        <h2>1.Noms de Domaine :<\/h2>\r\n    <\/div>\r\n    \t\t\t\t<\/div>\n\t\t\t\t<\/div>\n\t\t\t\t<div class=\"elementor-element elementor-element-b30431b elementor-widget elementor-widget-text-editor\" data-id=\"b30431b\" data-element_type=\"widget\" data-e-type=\"widget\" data-widget_type=\"text-editor.default\">\n\t\t\t\t<div class=\"elementor-widget-container\">\n\t\t\t\t\t\t\t\t\t<p style=\"font-size: 20px;\">   Les noms de domaine achet\u00e9s aupr\u00e8s de Cmediahost ne sont pas remboursables apr\u00e8s l&rsquo;achat. Une fois que vous avez enregistr\u00e9 ou renouvel\u00e9 un nom de domaine, la transaction est consid\u00e9r\u00e9e comme d\u00e9finitive. Assurez-vous de bien v\u00e9rifier toutes les informations avant de proc\u00e9der \u00e0 l&rsquo;achat.\n\n<\/p>\n\t\t\t\t\t\t\t\t<\/div>\n\t\t\t\t<\/div>\n\t\t\t\t\t<\/div>\n\t\t\t\t<\/div>\n\t\t<div class=\"elementor-element elementor-element-9996a61 e-flex e-con-boxed e-con e-parent\" data-id=\"9996a61\" data-element_type=\"container\" data-e-type=\"container\" data-settings=\"{&quot;_ha_eqh_enable&quot;:false}\">\n\t\t\t\t\t<div class=\"e-con-inner\">\n\t\t\t\t<div class=\"elementor-element elementor-element-c81952e elementor-widget elementor-widget-hos-section-title-id\" data-id=\"c81952e\" data-element_type=\"widget\" data-e-type=\"widget\" data-widget_type=\"hos-section-title-id.default\">\n\t\t\t\t<div class=\"elementor-widget-container\">\n\t\t\t\t\t    <div class=\"sec-title   text-left\">\r\n        <div class=\"title\"><span><\/span><\/div>\r\n        <h2>2.H\u00e9bergement Web et Autres Services :<\/h2>\r\n    <\/div>\r\n    \t\t\t\t<\/div>\n\t\t\t\t<\/div>\n\t\t\t\t<div class=\"elementor-element elementor-element-7d29984 elementor-icon-list--layout-traditional elementor-list-item-link-full_width elementor-widget elementor-widget-icon-list\" data-id=\"7d29984\" data-element_type=\"widget\" data-e-type=\"widget\" data-widget_type=\"icon-list.default\">\n\t\t\t\t<div class=\"elementor-widget-container\">\n\t\t\t\t\t\t\t<ul class=\"elementor-icon-list-items\">\n\t\t\t\t\t\t\t<li class=\"elementor-icon-list-item\">\n\t\t\t\t\t\t\t\t\t\t\t<span class=\"elementor-icon-list-icon\">\n\t\t\t\t\t\t\t<i aria-hidden=\"true\" class=\"flaticon flaticon-074-check-mark\"><\/i>\t\t\t\t\t\t<\/span>\n\t\t\t\t\t\t\t\t\t\t<span class=\"elementor-icon-list-text\">Tous les services d'h\u00e9bergement web et autres services suppl\u00e9mentaires sont couverts par une garantie de remboursement int\u00e9gral pendant les 48 premi\u00e8res heures suivant la souscription du service.<\/span>\n\t\t\t\t\t\t\t\t\t<\/li>\n\t\t\t\t\t\t\t\t<li class=\"elementor-icon-list-item\">\n\t\t\t\t\t\t\t\t\t\t\t<span class=\"elementor-icon-list-icon\">\n\t\t\t\t\t\t\t<i aria-hidden=\"true\" class=\"flaticon flaticon-074-check-mark\"><\/i>\t\t\t\t\t\t<\/span>\n\t\t\t\t\t\t\t\t\t\t<span class=\"elementor-icon-list-text\">Au-del\u00e0 de cette p\u00e9riode de 48 heures, les services d'h\u00e9bergement web, y compris les plans d'h\u00e9bergement partag\u00e9, VPS, d\u00e9di\u00e9, et tous les services connexes ne sont plus remboursables. Nous consid\u00e9rons que vous avez eu suffisamment de temps pour \u00e9valuer nos services et d\u00e9terminer leur ad\u00e9quation \u00e0 vos besoins.<\/span>\n\t\t\t\t\t\t\t\t\t<\/li>\n\t\t\t\t\t\t<\/ul>\n\t\t\t\t\t\t<\/div>\n\t\t\t\t<\/div>\n\t\t\t\t<div class=\"elementor-element elementor-element-fb479be elementor-widget elementor-widget-text-editor\" data-id=\"fb479be\" data-element_type=\"widget\" data-e-type=\"widget\" data-widget_type=\"text-editor.default\">\n\t\t\t\t<div class=\"elementor-widget-container\">\n\t\t\t\t\t\t\t\t\t<p style=\"font-size: 19px;\">Processus de Demande de Remboursement :<br \/>Si vous \u00eates \u00e9ligible \u00e0 un remboursement conform\u00e9ment \u00e0 notre politique, veuillez suivre ces \u00e9tapes :<\/p><p style=\"font-size: 18px;\"><strong>1.Connectez-vous \u00e0 votre compte Cmediahost.<\/strong><\/p><p style=\"font-size: 18px;\"><strong>2.Acc\u00e9dez \u00e0 la section \u00ab\u00a0Assistance\u00a0\u00bb ou \u00ab\u00a0Support\u00a0\u00bb de votre tableau de bord.<\/strong><\/p><p style=\"font-size: 18px;\"><strong style=\"color: var(--color-two); font-family: var(--font-family-Jost); background-color: var(--bs-body-bg);\">3.Soumettez une demande de remboursement en fournissant des informations d\u00e9taill\u00e9es sur la raison de votre demande.<\/strong><\/p><p style=\"font-size: 19px;\">\u00a0<\/p><p style=\"font-size: 19px;\">Notre \u00e9quipe de support examinera votre demande et vous contactera dans un d\u00e9lai raisonnable pour discuter des d\u00e9tails de la proc\u00e9dure de remboursement.<\/p><p style=\"font-size: 19px;\">Veuillez noter que les frais li\u00e9s au nom de domaine, tels que les frais d&rsquo;enregistrement ou de transfert, ne sont jamais remboursables, m\u00eame dans les 48 premi\u00e8res heures.<\/p><p style=\"font-size: 19px;\">Nous vous encourageons \u00e0 nous contacter en cas de questions ou de pr\u00e9occupations suppl\u00e9mentaires concernant notre politique de remboursement. Nous sommes l\u00e0 pour vous aider \u00e0 tirer le meilleur parti de nos services et \u00e0 garantir votre satisfaction.<\/p>\t\t\t\t\t\t\t\t<\/div>\n\t\t\t\t<\/div>\n\t\t\t\t\t<\/div>\n\t\t\t\t<\/div>\n\t\t\t\t<\/div>\n\t\t","protected":false},"excerpt":{"rendered":"<p>Politique De Remboursement Politique de Remboursement de Cmediahost pour H\u00e9bergement Web et Noms de Domaine Chez Cmediahost, nous nous effor\u00e7ons de fournir \u00e0 nos clients des services d&rsquo;h\u00e9bergement web et de noms de domaine de la plus haute qualit\u00e9. Cependant, nous comprenons que des situations peuvent survenir o\u00f9 vous pourriez envisager un remboursement. Voici notre [&hellip;]<\/p>\n","protected":false},"author":1,"featured_media":0,"parent":0,"menu_order":0,"comment_status":"closed","ping_status":"closed","template":"elementor_header_footer","meta":{"inline_featured_image":false,"footnotes":""},"class_list":["post-3133","page","type-page","status-publish","hentry"],"_links":{"self":[{"href":"https:\/\/cmediahost.top\/index.php\/wp-json\/wp\/v2\/pages\/3133","targetHints":{"allow":["GET"]}}],"collection":[{"href":"https:\/\/cmediahost.top\/index.php\/wp-json\/wp\/v2\/pages"}],"about":[{"href":"https:\/\/cmediahost.top\/index.php\/wp-json\/wp\/v2\/types\/page"}],"author":[{"embeddable":true,"href":"https:\/\/cmediahost.top\/index.php\/wp-json\/wp\/v2\/users\/1"}],"replies":[{"embeddable":true,"href":"https:\/\/cmediahost.top\/index.php\/wp-json\/wp\/v2\/comments?post=3133"}],"version-history":[{"count":10,"href":"https:\/\/cmediahost.top\/index.php\/wp-json\/wp\/v2\/pages\/3133\/revisions"}],"predecessor-version":[{"id":3766,"href":"https:\/\/cmediahost.top\/index.php\/wp-json\/wp\/v2\/pages\/3133\/revisions\/3766"}],"wp:attachment":[{"href":"https:\/\/cmediahost.top\/index.php\/wp-json\/wp\/v2\/media?parent=3133"}],"curies":[{"name":"wp","href":"https:\/\/api.w.org\/{rel}","templated":true}]}}