{"id":3143,"date":"2023-10-23T15:40:24","date_gmt":"2023-10-23T15:40:24","guid":{"rendered":"https:\/\/cmediahost.top\/?page_id=3143"},"modified":"2023-10-25T08:55:25","modified_gmt":"2023-10-25T08:55:25","slug":"conditions-generales-de-vente","status":"publish","type":"page","link":"https:\/\/cmediahost.top\/index.php\/conditions-generales-de-vente\/","title":{"rendered":"Conditions G\u00e9n\u00e9rales de Vente"},"content":{"rendered":"\t\t<div data-elementor-type=\"wp-page\" data-elementor-id=\"3143\" class=\"elementor elementor-3143\" data-elementor-settings=\"{&quot;ha_cmc_init_switcher&quot;:&quot;no&quot;}\" data-elementor-post-type=\"page\">\n\t\t\t\t<div class=\"elementor-element elementor-element-df44401 e-con-full e-flex e-con e-parent\" data-id=\"df44401\" data-element_type=\"container\" data-e-type=\"container\" data-settings=\"{&quot;_ha_eqh_enable&quot;:false}\">\n\t\t\t\t<div class=\"elementor-element elementor-element-9372e73 elementor-widget elementor-widget-hos-hero-five-id\" data-id=\"9372e73\" data-element_type=\"widget\" data-e-type=\"widget\" data-widget_type=\"hos-hero-five-id.default\">\n\t\t\t\t<div class=\"elementor-widget-container\">\n\t\t\t\t\t    <section class=\"banner-section-five\">\r\n        \t\t<div class=\"auto-container\">\r\n\t\t\t<!-- Icon One -->\r\n            \t\t\t<!-- Icon Two -->\r\n            \t\t\t<!-- Icon Three -->\r\n            \t\t\t<!-- Icon Four -->\r\n            \t\t\t<!-- Content Box -->\r\n\t\t\t<div class=\"content-box\">\r\n\t\t\t\t<div class=\"inner-box\">\r\n\t\t\t\t\t<div class=\"title\">Conditions G\u00e9n\u00e9rales de Vente<\/div>\r\n\t\t\t\t\t<h1>Conditions G\u00e9n\u00e9rales de Vente de Cmediahost - H\u00e9bergement Web et Nom de Domaine<\/h1>\r\n\t\t\t\t\t<div class=\"text\"><\/div>\r\n\t\t\t\t\t<!-- Check List -->\r\n\t\t\t\t\t<div class=\"check-list\">\r\n                        \t\t\t\t\t<\/div>\r\n\t\t\t\t\t<div class=\"options-box\">\r\n                                                \t\t\t\t\t<\/div>\r\n\t\t\t\t<\/div>\r\n\t\t\t<\/div>\r\n\t\t\t\r\n\t\t<\/div>\r\n\t<\/section>\r\n\r\n    \t\t\t\t<\/div>\n\t\t\t\t<\/div>\n\t\t\t\t<\/div>\n\t\t<div class=\"elementor-element elementor-element-78e1807 e-flex e-con-boxed e-con e-parent\" data-id=\"78e1807\" data-element_type=\"container\" data-e-type=\"container\" data-settings=\"{&quot;_ha_eqh_enable&quot;:false}\">\n\t\t\t\t\t<div class=\"e-con-inner\">\n\t\t\t\t<div class=\"elementor-element elementor-element-ace1400 elementor-widget elementor-widget-text-editor\" data-id=\"ace1400\" data-element_type=\"widget\" data-e-type=\"widget\" data-widget_type=\"text-editor.default\">\n\t\t\t\t<div class=\"elementor-widget-container\">\n\t\t\t\t\t\t\t\t\t<p style=\"font-size: 20px;\">Date d&rsquo;entr\u00e9e en vigueur : 01.03.2023<\/p>\t\t\t\t\t\t\t\t<\/div>\n\t\t\t\t<\/div>\n\t\t\t\t\t<\/div>\n\t\t\t\t<\/div>\n\t\t<div class=\"elementor-element elementor-element-5151ffc e-flex e-con-boxed e-con e-parent\" data-id=\"5151ffc\" data-element_type=\"container\" data-e-type=\"container\" data-settings=\"{&quot;_ha_eqh_enable&quot;:false}\">\n\t\t\t\t\t<div class=\"e-con-inner\">\n\t\t\t\t<div class=\"elementor-element elementor-element-23fa46d elementor-widget elementor-widget-hos-section-title-id\" data-id=\"23fa46d\" data-element_type=\"widget\" data-e-type=\"widget\" data-widget_type=\"hos-section-title-id.default\">\n\t\t\t\t<div class=\"elementor-widget-container\">\n\t\t\t\t\t    <div class=\"sec-title   text-left\">\r\n        <div class=\"title\"><span><\/span><\/div>\r\n        <h2>1. Champ d'Application<\/h2>\r\n    <\/div>\r\n    \t\t\t\t<\/div>\n\t\t\t\t<\/div>\n\t\t\t\t<div class=\"elementor-element elementor-element-5609a04 elementor-widget elementor-widget-text-editor\" data-id=\"5609a04\" data-element_type=\"widget\" data-e-type=\"widget\" data-widget_type=\"text-editor.default\">\n\t\t\t\t<div class=\"elementor-widget-container\">\n\t\t\t\t\t\t\t\t\t<p style=\"font-size: 20px;\">Les pr\u00e9sentes conditions g\u00e9n\u00e9rales de vente r\u00e9gissent la fourniture de services d&rsquo;h\u00e9bergement web et de noms de domaine par Cmediahost \u00e0 ses clients.<\/p>\t\t\t\t\t\t\t\t<\/div>\n\t\t\t\t<\/div>\n\t\t\t\t\t<\/div>\n\t\t\t\t<\/div>\n\t\t<div class=\"elementor-element elementor-element-a13cc95 e-flex e-con-boxed e-con e-parent\" data-id=\"a13cc95\" data-element_type=\"container\" data-e-type=\"container\" data-settings=\"{&quot;_ha_eqh_enable&quot;:false}\">\n\t\t\t\t\t<div class=\"e-con-inner\">\n\t\t\t\t<div class=\"elementor-element elementor-element-38ae258 elementor-widget elementor-widget-hos-section-title-id\" data-id=\"38ae258\" data-element_type=\"widget\" data-e-type=\"widget\" data-widget_type=\"hos-section-title-id.default\">\n\t\t\t\t<div class=\"elementor-widget-container\">\n\t\t\t\t\t    <div class=\"sec-title   text-left\">\r\n        <div class=\"title\"><span><\/span><\/div>\r\n        <h2>2. Commandes et Contrats<\/h2>\r\n    <\/div>\r\n    \t\t\t\t<\/div>\n\t\t\t\t<\/div>\n\t\t\t\t<div class=\"elementor-element elementor-element-bbba1c4 elementor-widget elementor-widget-text-editor\" data-id=\"bbba1c4\" data-element_type=\"widget\" data-e-type=\"widget\" data-widget_type=\"text-editor.default\">\n\t\t\t\t<div class=\"elementor-widget-container\">\n\t\t\t\t\t\t\t\t\t<p style=\"font-size: 20px;\"><strong>2.1.<\/strong> Les commandes de services sont soumises \u00e0 l&rsquo;acceptation de Cmediahost et sont consid\u00e9r\u00e9es comme un contrat entre le client et Cmediahost d\u00e8s leur confirmation.<\/p><p style=\"font-size: 20px;\"><strong>2.2.<\/strong> Les contrats de service sont renouvelables automatiquement, sauf avis contraire du client.<\/p>\t\t\t\t\t\t\t\t<\/div>\n\t\t\t\t<\/div>\n\t\t\t\t\t<\/div>\n\t\t\t\t<\/div>\n\t\t<div class=\"elementor-element elementor-element-1d456f2 e-flex e-con-boxed e-con e-parent\" data-id=\"1d456f2\" data-element_type=\"container\" data-e-type=\"container\" data-settings=\"{&quot;_ha_eqh_enable&quot;:false}\">\n\t\t\t\t\t<div class=\"e-con-inner\">\n\t\t\t\t<div class=\"elementor-element elementor-element-30b6c43 elementor-widget elementor-widget-hos-section-title-id\" data-id=\"30b6c43\" data-element_type=\"widget\" data-e-type=\"widget\" data-widget_type=\"hos-section-title-id.default\">\n\t\t\t\t<div class=\"elementor-widget-container\">\n\t\t\t\t\t    <div class=\"sec-title   text-left\">\r\n        <div class=\"title\"><span><\/span><\/div>\r\n        <h2>3. Services H\u00e9bergement Web<\/h2>\r\n    <\/div>\r\n    \t\t\t\t<\/div>\n\t\t\t\t<\/div>\n\t\t\t\t<div class=\"elementor-element elementor-element-627ad69 elementor-widget elementor-widget-text-editor\" data-id=\"627ad69\" data-element_type=\"widget\" data-e-type=\"widget\" data-widget_type=\"text-editor.default\">\n\t\t\t\t<div class=\"elementor-widget-container\">\n\t\t\t\t\t\t\t\t\t<p style=\"font-size: 20px;\"><strong>3.1.<\/strong> Cmediahost s&rsquo;engage \u00e0 fournir des services d&rsquo;h\u00e9bergement web conformes aux sp\u00e9cifications convenues.<\/p><p style=\"font-size: 20px;\"><strong>3.2.<\/strong> Le client est responsable de la gestion de son compte d&rsquo;h\u00e9bergement web, de la s\u00e9curit\u00e9 de son contenu et de ses activit\u00e9s.<\/p>\t\t\t\t\t\t\t\t<\/div>\n\t\t\t\t<\/div>\n\t\t\t\t\t<\/div>\n\t\t\t\t<\/div>\n\t\t<div class=\"elementor-element elementor-element-bc1abb2 e-flex e-con-boxed e-con e-parent\" data-id=\"bc1abb2\" data-element_type=\"container\" data-e-type=\"container\" data-settings=\"{&quot;_ha_eqh_enable&quot;:false}\">\n\t\t\t\t\t<div class=\"e-con-inner\">\n\t\t\t\t<div class=\"elementor-element elementor-element-bacc109 elementor-widget elementor-widget-hos-section-title-id\" data-id=\"bacc109\" data-element_type=\"widget\" data-e-type=\"widget\" data-widget_type=\"hos-section-title-id.default\">\n\t\t\t\t<div class=\"elementor-widget-container\">\n\t\t\t\t\t    <div class=\"sec-title   text-left\">\r\n        <div class=\"title\"><span><\/span><\/div>\r\n        <h2>4. Noms de Domaine<\/h2>\r\n    <\/div>\r\n    \t\t\t\t<\/div>\n\t\t\t\t<\/div>\n\t\t\t\t<div class=\"elementor-element elementor-element-679abec elementor-widget elementor-widget-text-editor\" data-id=\"679abec\" data-element_type=\"widget\" data-e-type=\"widget\" data-widget_type=\"text-editor.default\">\n\t\t\t\t<div class=\"elementor-widget-container\">\n\t\t\t\t\t\t\t\t\t<p style=\"font-size: 20px;\"><strong>4.1.<\/strong> Cmediahost agira en tant qu&rsquo;interm\u00e9diaire pour l&rsquo;enregistrement et la gestion des noms de domaine.<\/p><p style=\"font-size: 20px;\"><strong>4.2.<\/strong> Le client est responsable du paiement des frais de renouvellement des noms de domaine.<\/p>\t\t\t\t\t\t\t\t<\/div>\n\t\t\t\t<\/div>\n\t\t\t\t\t<\/div>\n\t\t\t\t<\/div>\n\t\t<div class=\"elementor-element elementor-element-8a9a81a e-flex e-con-boxed e-con e-parent\" data-id=\"8a9a81a\" data-element_type=\"container\" data-e-type=\"container\" data-settings=\"{&quot;_ha_eqh_enable&quot;:false}\">\n\t\t\t\t\t<div class=\"e-con-inner\">\n\t\t\t\t<div class=\"elementor-element elementor-element-268e032 elementor-widget elementor-widget-hos-section-title-id\" data-id=\"268e032\" data-element_type=\"widget\" data-e-type=\"widget\" data-widget_type=\"hos-section-title-id.default\">\n\t\t\t\t<div class=\"elementor-widget-container\">\n\t\t\t\t\t    <div class=\"sec-title   text-left\">\r\n        <div class=\"title\"><span><\/span><\/div>\r\n        <h2>5. Facturation et Paiement<\/h2>\r\n    <\/div>\r\n    \t\t\t\t<\/div>\n\t\t\t\t<\/div>\n\t\t\t\t<div class=\"elementor-element elementor-element-40f97fd elementor-widget elementor-widget-text-editor\" data-id=\"40f97fd\" data-element_type=\"widget\" data-e-type=\"widget\" data-widget_type=\"text-editor.default\">\n\t\t\t\t<div class=\"elementor-widget-container\">\n\t\t\t\t\t\t\t\t\t<p style=\"font-size: 20px;\"><strong>5.1.<\/strong> Les tarifs des services sont indiqu\u00e9s sur le site web de Cmediahost.<\/p><p style=\"font-size: 20px;\"><strong>5.2.<\/strong> Le client est tenu de payer les frais conform\u00e9ment aux modalit\u00e9s de paiement sp\u00e9cifi\u00e9es.<\/p>\t\t\t\t\t\t\t\t<\/div>\n\t\t\t\t<\/div>\n\t\t\t\t\t<\/div>\n\t\t\t\t<\/div>\n\t\t<div class=\"elementor-element elementor-element-51d5d12 e-flex e-con-boxed e-con e-parent\" data-id=\"51d5d12\" data-element_type=\"container\" data-e-type=\"container\" data-settings=\"{&quot;_ha_eqh_enable&quot;:false}\">\n\t\t\t\t\t<div class=\"e-con-inner\">\n\t\t\t\t<div class=\"elementor-element elementor-element-8bcf48b elementor-widget elementor-widget-hos-section-title-id\" data-id=\"8bcf48b\" data-element_type=\"widget\" data-e-type=\"widget\" data-widget_type=\"hos-section-title-id.default\">\n\t\t\t\t<div class=\"elementor-widget-container\">\n\t\t\t\t\t    <div class=\"sec-title   text-left\">\r\n        <div class=\"title\"><span><\/span><\/div>\r\n        <h2>6. Annulation et Remboursement<\/h2>\r\n    <\/div>\r\n    \t\t\t\t<\/div>\n\t\t\t\t<\/div>\n\t\t\t\t<div class=\"elementor-element elementor-element-d2fecc1 elementor-widget elementor-widget-text-editor\" data-id=\"d2fecc1\" data-element_type=\"widget\" data-e-type=\"widget\" data-widget_type=\"text-editor.default\">\n\t\t\t\t<div class=\"elementor-widget-container\">\n\t\t\t\t\t\t\t\t\t<p style=\"font-size: 20px;\"><strong>6.1.<\/strong> Le client peut annuler les services conform\u00e9ment \u00e0 la politique d&rsquo;annulation de Cmediahost.<\/p><p style=\"font-size: 20px;\"><strong>6.2.<\/strong> Les remboursements, le cas \u00e9ch\u00e9ant, sont trait\u00e9s conform\u00e9ment \u00e0 la politique de remboursement de Cmediahost.<\/p>\t\t\t\t\t\t\t\t<\/div>\n\t\t\t\t<\/div>\n\t\t\t\t\t<\/div>\n\t\t\t\t<\/div>\n\t\t<div class=\"elementor-element elementor-element-1e5722c e-flex e-con-boxed e-con e-parent\" data-id=\"1e5722c\" data-element_type=\"container\" data-e-type=\"container\" data-settings=\"{&quot;_ha_eqh_enable&quot;:false}\">\n\t\t\t\t\t<div class=\"e-con-inner\">\n\t\t\t\t<div class=\"elementor-element elementor-element-ab1d563 elementor-widget elementor-widget-hos-section-title-id\" data-id=\"ab1d563\" data-element_type=\"widget\" data-e-type=\"widget\" data-widget_type=\"hos-section-title-id.default\">\n\t\t\t\t<div class=\"elementor-widget-container\">\n\t\t\t\t\t    <div class=\"sec-title   text-left\">\r\n        <div class=\"title\"><span><\/span><\/div>\r\n        <h2>7. Responsabilit\u00e9 et Garanties<\/h2>\r\n    <\/div>\r\n    \t\t\t\t<\/div>\n\t\t\t\t<\/div>\n\t\t\t\t<div class=\"elementor-element elementor-element-433d67e elementor-widget elementor-widget-text-editor\" data-id=\"433d67e\" data-element_type=\"widget\" data-e-type=\"widget\" data-widget_type=\"text-editor.default\">\n\t\t\t\t<div class=\"elementor-widget-container\">\n\t\t\t\t\t\t\t\t\t<p style=\"font-size: 20px;\"><strong>7.1.<\/strong> Cmediahost ne peut \u00eatre tenu responsable des pertes directes ou indirectes subies par le client.<\/p><p style=\"font-size: 20px;\"><strong>7.2.<\/strong> Les services sont fournis \u00ab\u00a0tels quels\u00a0\u00bb sans garantie expresse ou implicite.<\/p>\t\t\t\t\t\t\t\t<\/div>\n\t\t\t\t<\/div>\n\t\t\t\t\t<\/div>\n\t\t\t\t<\/div>\n\t\t<div class=\"elementor-element elementor-element-58ea4ac e-flex e-con-boxed e-con e-parent\" data-id=\"58ea4ac\" data-element_type=\"container\" data-e-type=\"container\" data-settings=\"{&quot;_ha_eqh_enable&quot;:false}\">\n\t\t\t\t\t<div class=\"e-con-inner\">\n\t\t\t\t<div class=\"elementor-element elementor-element-67a0f68 elementor-widget elementor-widget-hos-section-title-id\" data-id=\"67a0f68\" data-element_type=\"widget\" data-e-type=\"widget\" data-widget_type=\"hos-section-title-id.default\">\n\t\t\t\t<div class=\"elementor-widget-container\">\n\t\t\t\t\t    <div class=\"sec-title   text-left\">\r\n        <div class=\"title\"><span><\/span><\/div>\r\n        <h2>8. Confidentialit\u00e9<\/h2>\r\n    <\/div>\r\n    \t\t\t\t<\/div>\n\t\t\t\t<\/div>\n\t\t\t\t<div class=\"elementor-element elementor-element-5c255cc elementor-widget elementor-widget-text-editor\" data-id=\"5c255cc\" data-element_type=\"widget\" data-e-type=\"widget\" data-widget_type=\"text-editor.default\">\n\t\t\t\t<div class=\"elementor-widget-container\">\n\t\t\t\t\t\t\t\t\t<p style=\"font-size: 20px;\"><strong>8.1.<\/strong> Cmediahost respecte la confidentialit\u00e9 des donn\u00e9es du client conform\u00e9ment \u00e0 sa politique de confidentialit\u00e9.<\/p>\t\t\t\t\t\t\t\t<\/div>\n\t\t\t\t<\/div>\n\t\t\t\t\t<\/div>\n\t\t\t\t<\/div>\n\t\t<div class=\"elementor-element elementor-element-fff9686 e-flex e-con-boxed e-con e-parent\" data-id=\"fff9686\" data-element_type=\"container\" data-e-type=\"container\" data-settings=\"{&quot;_ha_eqh_enable&quot;:false}\">\n\t\t\t\t\t<div class=\"e-con-inner\">\n\t\t\t\t<div class=\"elementor-element elementor-element-daba5b6 elementor-widget elementor-widget-hos-section-title-id\" data-id=\"daba5b6\" data-element_type=\"widget\" data-e-type=\"widget\" data-widget_type=\"hos-section-title-id.default\">\n\t\t\t\t<div class=\"elementor-widget-container\">\n\t\t\t\t\t    <div class=\"sec-title   text-left\">\r\n        <div class=\"title\"><span><\/span><\/div>\r\n        <h2>9. Droit de R\u00e9siliation<\/h2>\r\n    <\/div>\r\n    \t\t\t\t<\/div>\n\t\t\t\t<\/div>\n\t\t\t\t<div class=\"elementor-element elementor-element-34845a2 elementor-widget elementor-widget-text-editor\" data-id=\"34845a2\" data-element_type=\"widget\" data-e-type=\"widget\" data-widget_type=\"text-editor.default\">\n\t\t\t\t<div class=\"elementor-widget-container\">\n\t\t\t\t\t\t\t\t\t<p style=\"font-size: 20px;\">Cmediahost se r\u00e9serve le droit de r\u00e9silier un contrat de service en cas de non-respect des CGV par le client.<\/p>\t\t\t\t\t\t\t\t<\/div>\n\t\t\t\t<\/div>\n\t\t\t\t\t<\/div>\n\t\t\t\t<\/div>\n\t\t<div class=\"elementor-element elementor-element-79cad1f e-flex e-con-boxed e-con e-parent\" data-id=\"79cad1f\" data-element_type=\"container\" data-e-type=\"container\" data-settings=\"{&quot;_ha_eqh_enable&quot;:false}\">\n\t\t\t\t\t<div class=\"e-con-inner\">\n\t\t\t\t<div class=\"elementor-element elementor-element-1bd1ffe elementor-widget elementor-widget-hos-section-title-id\" data-id=\"1bd1ffe\" data-element_type=\"widget\" data-e-type=\"widget\" data-widget_type=\"hos-section-title-id.default\">\n\t\t\t\t<div class=\"elementor-widget-container\">\n\t\t\t\t\t    <div class=\"sec-title   text-left\">\r\n        <div class=\"title\"><span><\/span><\/div>\r\n        <h2>10. Loi Applicable et R\u00e8glement des Diff\u00e9rends<\/h2>\r\n    <\/div>\r\n    \t\t\t\t<\/div>\n\t\t\t\t<\/div>\n\t\t\t\t<div class=\"elementor-element elementor-element-f274a92 elementor-widget elementor-widget-text-editor\" data-id=\"f274a92\" data-element_type=\"widget\" data-e-type=\"widget\" data-widget_type=\"text-editor.default\">\n\t\t\t\t<div class=\"elementor-widget-container\">\n\t\t\t\t\t\t\t\t\t<p style=\"font-size: 20px;\">Les pr\u00e9sentes CGV sont r\u00e9gies par les lois en vigueur en Suisse. Tout litige d\u00e9coulant de ces CGV sera soumis \u00e0 la juridiction des tribunaux comp\u00e9tents de Suisse.<\/p>\t\t\t\t\t\t\t\t<\/div>\n\t\t\t\t<\/div>\n\t\t\t\t\t<\/div>\n\t\t\t\t<\/div>\n\t\t<div class=\"elementor-element elementor-element-7e1bfab e-flex e-con-boxed e-con e-parent\" data-id=\"7e1bfab\" data-element_type=\"container\" data-e-type=\"container\" data-settings=\"{&quot;_ha_eqh_enable&quot;:false}\">\n\t\t\t\t\t<div class=\"e-con-inner\">\n\t\t\t\t<div class=\"elementor-element elementor-element-ddda18e elementor-widget elementor-widget-hos-section-title-id\" data-id=\"ddda18e\" data-element_type=\"widget\" data-e-type=\"widget\" data-widget_type=\"hos-section-title-id.default\">\n\t\t\t\t<div class=\"elementor-widget-container\">\n\t\t\t\t\t    <div class=\"sec-title   text-left\">\r\n        <div class=\"title\"><span><\/span><\/div>\r\n        <h2>11. Modifications des CGV<\/h2>\r\n    <\/div>\r\n    \t\t\t\t<\/div>\n\t\t\t\t<\/div>\n\t\t\t\t<div class=\"elementor-element elementor-element-1b08657 elementor-widget elementor-widget-text-editor\" data-id=\"1b08657\" data-element_type=\"widget\" data-e-type=\"widget\" data-widget_type=\"text-editor.default\">\n\t\t\t\t<div class=\"elementor-widget-container\">\n\t\t\t\t\t\t\t\t\t<p style=\"font-size: 20px;\">Cmediahost se r\u00e9serve le droit de modifier les CGV \u00e0 tout moment. Les clients seront inform\u00e9s des modifications.<\/p>\t\t\t\t\t\t\t\t<\/div>\n\t\t\t\t<\/div>\n\t\t\t\t\t<\/div>\n\t\t\t\t<\/div>\n\t\t\t\t<\/div>\n\t\t","protected":false},"excerpt":{"rendered":"<p>Conditions G\u00e9n\u00e9rales de Vente Conditions G\u00e9n\u00e9rales de Vente de Cmediahost &#8211; H\u00e9bergement Web et Nom de Domaine Date d&rsquo;entr\u00e9e en vigueur : 01.03.2023 1. Champ d&rsquo;Application Les pr\u00e9sentes conditions g\u00e9n\u00e9rales de vente r\u00e9gissent la fourniture de services d&rsquo;h\u00e9bergement web et de noms de domaine par Cmediahost \u00e0 ses clients. 2. Commandes et Contrats 2.1. Les [&hellip;]<\/p>\n","protected":false},"author":1,"featured_media":0,"parent":0,"menu_order":0,"comment_status":"closed","ping_status":"closed","template":"elementor_header_footer","meta":{"inline_featured_image":false,"footnotes":""},"class_list":["post-3143","page","type-page","status-publish","hentry"],"_links":{"self":[{"href":"https:\/\/cmediahost.top\/index.php\/wp-json\/wp\/v2\/pages\/3143","targetHints":{"allow":["GET"]}}],"collection":[{"href":"https:\/\/cmediahost.top\/index.php\/wp-json\/wp\/v2\/pages"}],"about":[{"href":"https:\/\/cmediahost.top\/index.php\/wp-json\/wp\/v2\/types\/page"}],"author":[{"embeddable":true,"href":"https:\/\/cmediahost.top\/index.php\/wp-json\/wp\/v2\/users\/1"}],"replies":[{"embeddable":true,"href":"https:\/\/cmediahost.top\/index.php\/wp-json\/wp\/v2\/comments?post=3143"}],"version-history":[{"count":13,"href":"https:\/\/cmediahost.top\/index.php\/wp-json\/wp\/v2\/pages\/3143\/revisions"}],"predecessor-version":[{"id":3760,"href":"https:\/\/cmediahost.top\/index.php\/wp-json\/wp\/v2\/pages\/3143\/revisions\/3760"}],"wp:attachment":[{"href":"https:\/\/cmediahost.top\/index.php\/wp-json\/wp\/v2\/media?parent=3143"}],"curies":[{"name":"wp","href":"https:\/\/api.w.org\/{rel}","templated":true}]}}