{"id":3153,"date":"2023-10-23T16:14:28","date_gmt":"2023-10-23T16:14:28","guid":{"rendered":"https:\/\/cmediahost.top\/?page_id=3153"},"modified":"2026-02-05T15:42:09","modified_gmt":"2026-02-05T15:42:09","slug":"programme-daffiliation-cmediahost","status":"publish","type":"page","link":"https:\/\/cmediahost.top\/index.php\/programme-daffiliation-cmediahost\/","title":{"rendered":"Programme d&rsquo;affiliation Cmediahost"},"content":{"rendered":"\t\t<div data-elementor-type=\"wp-page\" data-elementor-id=\"3153\" class=\"elementor elementor-3153\" data-elementor-settings=\"{&quot;ha_cmc_init_switcher&quot;:&quot;no&quot;}\" data-elementor-post-type=\"page\">\n\t\t\t\t<div class=\"elementor-element elementor-element-d3e223d e-con-full e-flex e-con e-parent\" data-id=\"d3e223d\" data-element_type=\"container\" data-e-type=\"container\" data-settings=\"{&quot;_ha_eqh_enable&quot;:false}\">\n\t\t\t\t<div class=\"elementor-element elementor-element-b438005 elementor-widget elementor-widget-hos-hero-four-id\" data-id=\"b438005\" data-element_type=\"widget\" data-e-type=\"widget\" data-widget_type=\"hos-hero-four-id.default\">\n\t\t\t\t<div class=\"elementor-widget-container\">\n\t\t\t\t\t    <section class=\"banner-section-four\">\r\n        \t\t    <div class=\"vector-layer\" style=\"background-image: url(https:\/\/cmediahost.top\/wp-content\/uploads\/2023\/10\/vector-1.png)\"><\/div>\r\n        \t\t<div class=\"auto-container\">\r\n            <div class=\"row clearfix d-flex align-items-center\">\r\n\t\t\t\t\r\n\t\t\t\t<!-- Content Column -->\r\n\t\t\t\t<div class=\"content-column col-lg-6 col-md-12 col-sm-12\">\r\n\t\t\t\t\t<div class=\"inner-column\">\r\n\t\t\t\t\t\t<div class=\"title\"><\/div>\r\n\t\t\t\t\t\t<h1>Programme d'affiliation Cmediahost<\/h1>\r\n\t\t\t\t\t\t<div class=\"text\"><\/div>\r\n\t\t\t\t\t\t<!-- Check List -->\r\n\t\t\t\t\t\t<div class=\"check-list\">\r\n\t\t\t\t\t\t\t\t\t\t\t\t\t<\/div>\r\n\t\t\t\t\t\t<div class=\"options-box d-flex align-items-center\">\r\n                                                                                    \t\t\t\t\t\t<\/div>\r\n\t\t\t\t\t<\/div>\r\n\t\t\t\t<\/div>\r\n\t\t\t\t\r\n\t\t\t\t<!-- Image Column -->\r\n                \t\t\t\t<div class=\"image-column col-lg-6 col-md-12 col-sm-12\">\r\n\t\t\t\t\t<div class=\"inner-column parallax-scene-1\">\r\n\t\t\t\t\t\t<div class=\"image\" data-depth=\"0.20\">\r\n\t\t\t\t\t\t\t<img decoding=\"async\" src=\"https:\/\/cmediahost.top\/wp-content\/uploads\/2023\/10\/9572409-removebg-preview.png\" alt=\"\" \/>\r\n\t\t\t\t\t\t<\/div>\r\n\t\t\t\t\t<\/div>\r\n\t\t\t\t<\/div>\r\n\t\t\t\t\t\t\t<\/div>\r\n\t\t<\/div>\r\n\t<\/section>\r\n\r\n    \t\t\t\t<\/div>\n\t\t\t\t<\/div>\n\t\t\t\t<\/div>\n\t\t<div class=\"elementor-element elementor-element-3d9a076 e-flex e-con-boxed e-con e-parent\" data-id=\"3d9a076\" data-element_type=\"container\" data-e-type=\"container\" data-settings=\"{&quot;_ha_eqh_enable&quot;:false}\">\n\t\t\t\t\t<div class=\"e-con-inner\">\n\t\t\t\t<div class=\"elementor-element elementor-element-8a03c92 elementor-widget elementor-widget-heading\" data-id=\"8a03c92\" data-element_type=\"widget\" data-e-type=\"widget\" data-widget_type=\"heading.default\">\n\t\t\t\t<div class=\"elementor-widget-container\">\n\t\t\t\t\t<h2 class=\"elementor-heading-title elementor-size-default\">Rejoindre le programme en quatre \u00e9tapes<\/h2>\t\t\t\t<\/div>\n\t\t\t\t<\/div>\n\t\t\t\t\t<\/div>\n\t\t\t\t<\/div>\n\t\t<div class=\"elementor-element elementor-element-0bba9a1 e-flex e-con-boxed e-con e-parent\" data-id=\"0bba9a1\" data-element_type=\"container\" data-e-type=\"container\" data-settings=\"{&quot;_ha_eqh_enable&quot;:false}\">\n\t\t\t\t\t<div class=\"e-con-inner\">\n\t\t<div class=\"elementor-element elementor-element-67e3fc5 e-con-full e-flex e-con e-child\" data-id=\"67e3fc5\" data-element_type=\"container\" data-e-type=\"container\" data-settings=\"{&quot;_ha_eqh_enable&quot;:false}\">\n\t\t\t\t<div class=\"elementor-element elementor-element-98c1cad elementor-widget elementor-widget-image\" data-id=\"98c1cad\" data-element_type=\"widget\" data-e-type=\"widget\" data-widget_type=\"image.default\">\n\t\t\t\t<div class=\"elementor-widget-container\">\n\t\t\t\t\t\t\t\t\t\t\t\t\t\t\t<img fetchpriority=\"high\" decoding=\"async\" width=\"626\" height=\"626\" src=\"https:\/\/cmediahost.top\/wp-content\/uploads\/2023\/10\/fast-loading-concept-illustration_114360-756.jpg\" class=\"attachment-large size-large wp-image-2920\" alt=\"\" srcset=\"https:\/\/cmediahost.top\/wp-content\/uploads\/2023\/10\/fast-loading-concept-illustration_114360-756.jpg 626w, https:\/\/cmediahost.top\/wp-content\/uploads\/2023\/10\/fast-loading-concept-illustration_114360-756-300x300.jpg 300w, https:\/\/cmediahost.top\/wp-content\/uploads\/2023\/10\/fast-loading-concept-illustration_114360-756-150x150.jpg 150w, https:\/\/cmediahost.top\/wp-content\/uploads\/2023\/10\/fast-loading-concept-illustration_114360-756-600x600.jpg 600w, https:\/\/cmediahost.top\/wp-content\/uploads\/2023\/10\/fast-loading-concept-illustration_114360-756-100x100.jpg 100w\" sizes=\"(max-width: 626px) 100vw, 626px\" \/>\t\t\t\t\t\t\t\t\t\t\t\t\t\t\t<\/div>\n\t\t\t\t<\/div>\n\t\t\t\t<\/div>\n\t\t<div class=\"elementor-element elementor-element-9755cdf e-con-full e-flex e-con e-child\" data-id=\"9755cdf\" data-element_type=\"container\" data-e-type=\"container\" data-settings=\"{&quot;_ha_eqh_enable&quot;:false}\">\n\t\t\t\t<div class=\"elementor-element elementor-element-5f9ffe7 elementor-widget elementor-widget-heading\" data-id=\"5f9ffe7\" data-element_type=\"widget\" data-e-type=\"widget\" data-widget_type=\"heading.default\">\n\t\t\t\t<div class=\"elementor-widget-container\">\n\t\t\t\t\t<h3 class=\"elementor-heading-title elementor-size-default\">1.\tInscription Rapide<\/h3>\t\t\t\t<\/div>\n\t\t\t\t<\/div>\n\t\t\t\t<div class=\"elementor-element elementor-element-7cc1d87 elementor-widget elementor-widget-text-editor\" data-id=\"7cc1d87\" data-element_type=\"widget\" data-e-type=\"widget\" data-widget_type=\"text-editor.default\">\n\t\t\t\t<div class=\"elementor-widget-container\">\n\t\t\t\t\t\t\t\t\t<p style=\"font-size:18px\">Inscrivez-vous-en moins d&rsquo;une minute. C&rsquo;est enti\u00e8rement gratuit.\t\t\t\t\t\t\t\t<\/div>\n\t\t\t\t<\/div>\n\t\t\t\t<div class=\"elementor-element elementor-element-c9b99fe elementor-widget elementor-widget-heading\" data-id=\"c9b99fe\" data-element_type=\"widget\" data-e-type=\"widget\" data-widget_type=\"heading.default\">\n\t\t\t\t<div class=\"elementor-widget-container\">\n\t\t\t\t\t<h3 class=\"elementor-heading-title elementor-size-default\">2.\tActivation de Votre Compte<\/h3>\t\t\t\t<\/div>\n\t\t\t\t<\/div>\n\t\t\t\t<div class=\"elementor-element elementor-element-d599e6b elementor-widget elementor-widget-text-editor\" data-id=\"d599e6b\" data-element_type=\"widget\" data-e-type=\"widget\" data-widget_type=\"text-editor.default\">\n\t\t\t\t<div class=\"elementor-widget-container\">\n\t\t\t\t\t\t\t\t\t<p style=\"font-size: 18px;\">Acc\u00e9dez \u00e0 notre tableau de bord, puis rendez-vous dans l&rsquo;onglet \u00ab\u00a0<b>Affili\u00e9s<\/b>\u00a0\u00bb et cliquez sur \u00ab\u00a0<b>Activer votre compte d&rsquo;affili\u00e9<\/b>\u00ab\u00a0.<\/p>\t\t\t\t\t\t\t\t<\/div>\n\t\t\t\t<\/div>\n\t\t\t\t<\/div>\n\t\t\t\t\t<\/div>\n\t\t\t\t<\/div>\n\t\t<div class=\"elementor-element elementor-element-9ac29de e-flex e-con-boxed e-con e-parent\" data-id=\"9ac29de\" data-element_type=\"container\" data-e-type=\"container\" data-settings=\"{&quot;_ha_eqh_enable&quot;:false}\">\n\t\t\t\t\t<div class=\"e-con-inner\">\n\t\t<div class=\"elementor-element elementor-element-dd1906f e-con-full e-flex e-con e-child\" data-id=\"dd1906f\" data-element_type=\"container\" data-e-type=\"container\" data-settings=\"{&quot;_ha_eqh_enable&quot;:false}\">\n\t\t\t\t<div class=\"elementor-element elementor-element-1586239 elementor-widget elementor-widget-heading\" data-id=\"1586239\" data-element_type=\"widget\" data-e-type=\"widget\" data-widget_type=\"heading.default\">\n\t\t\t\t<div class=\"elementor-widget-container\">\n\t\t\t\t\t<h3 class=\"elementor-heading-title elementor-size-default\">3.\tUtilisation du Lien G\u00e9n\u00e9r\u00e9 par Notre Syst\u00e8me<\/h3>\t\t\t\t<\/div>\n\t\t\t\t<\/div>\n\t\t\t\t<div class=\"elementor-element elementor-element-16b0268 elementor-widget elementor-widget-text-editor\" data-id=\"16b0268\" data-element_type=\"widget\" data-e-type=\"widget\" data-widget_type=\"text-editor.default\">\n\t\t\t\t<div class=\"elementor-widget-container\">\n\t\t\t\t\t\t\t\t\t<p style=\"font-size: 18px;\">   Utilisez le lien de r\u00e9f\u00e9rence unique avec votre entourage et d&rsquo;autres personnes pour commencer \u00e0 gagner de l&rsquo;argent.<\/p>\t\t\t\t\t\t\t\t<\/div>\n\t\t\t\t<\/div>\n\t\t\t\t<div class=\"elementor-element elementor-element-6fd4381 elementor-widget elementor-widget-heading\" data-id=\"6fd4381\" data-element_type=\"widget\" data-e-type=\"widget\" data-widget_type=\"heading.default\">\n\t\t\t\t<div class=\"elementor-widget-container\">\n\t\t\t\t\t<h3 class=\"elementor-heading-title elementor-size-default\">4.\tRecevez Vos Paiements<\/h3>\t\t\t\t<\/div>\n\t\t\t\t<\/div>\n\t\t\t\t<div class=\"elementor-element elementor-element-b3a0a97 elementor-widget elementor-widget-text-editor\" data-id=\"b3a0a97\" data-element_type=\"widget\" data-e-type=\"widget\" data-widget_type=\"text-editor.default\">\n\t\t\t\t<div class=\"elementor-widget-container\">\n\t\t\t\t\t\t\t\t\t<p style=\"font-size: 18px;\">Vous pouvez demander un retrait d\u00e8s que vous atteignez un solde minimum de CFA15,000. Il vous suffit de cliquer sur \u00ab\u00a0<b>Demander un retrait<\/b>\u00ab\u00a0.<\/p>\t\t\t\t\t\t\t\t<\/div>\n\t\t\t\t<\/div>\n\t\t\t\t<\/div>\n\t\t<div class=\"elementor-element elementor-element-978457a e-con-full e-flex e-con e-child\" data-id=\"978457a\" data-element_type=\"container\" data-e-type=\"container\" data-settings=\"{&quot;_ha_eqh_enable&quot;:false}\">\n\t\t\t\t<div class=\"elementor-element elementor-element-2ceb4cc elementor-widget elementor-widget-image\" data-id=\"2ceb4cc\" data-element_type=\"widget\" data-e-type=\"widget\" data-widget_type=\"image.default\">\n\t\t\t\t<div class=\"elementor-widget-container\">\n\t\t\t\t\t\t\t\t\t\t\t\t\t\t\t<img decoding=\"async\" width=\"640\" height=\"427\" src=\"https:\/\/cmediahost.top\/wp-content\/uploads\/2023\/10\/8610313_5917-1024x683.jpg\" class=\"attachment-large size-large wp-image-3157\" alt=\"\" srcset=\"https:\/\/cmediahost.top\/wp-content\/uploads\/2023\/10\/8610313_5917-1024x683.jpg 1024w, https:\/\/cmediahost.top\/wp-content\/uploads\/2023\/10\/8610313_5917-300x200.jpg 300w, https:\/\/cmediahost.top\/wp-content\/uploads\/2023\/10\/8610313_5917-768x512.jpg 768w, https:\/\/cmediahost.top\/wp-content\/uploads\/2023\/10\/8610313_5917-1536x1024.jpg 1536w, https:\/\/cmediahost.top\/wp-content\/uploads\/2023\/10\/8610313_5917-2048x1365.jpg 2048w, https:\/\/cmediahost.top\/wp-content\/uploads\/2023\/10\/8610313_5917-417x277.jpg 417w, https:\/\/cmediahost.top\/wp-content\/uploads\/2023\/10\/8610313_5917-600x400.jpg 600w\" sizes=\"(max-width: 640px) 100vw, 640px\" \/>\t\t\t\t\t\t\t\t\t\t\t\t\t\t\t<\/div>\n\t\t\t\t<\/div>\n\t\t\t\t<\/div>\n\t\t\t\t\t<\/div>\n\t\t\t\t<\/div>\n\t\t<div class=\"elementor-element elementor-element-adfb9fc e-flex e-con-boxed e-con e-parent\" data-id=\"adfb9fc\" data-element_type=\"container\" data-e-type=\"container\" data-settings=\"{&quot;_ha_eqh_enable&quot;:false}\">\n\t\t\t\t\t<div class=\"e-con-inner\">\n\t\t<div class=\"elementor-element elementor-element-176a70a e-con-full e-flex e-con e-child\" data-id=\"176a70a\" data-element_type=\"container\" data-e-type=\"container\" data-settings=\"{&quot;_ha_eqh_enable&quot;:false}\">\n\t\t\t\t<div class=\"elementor-element elementor-element-837f274 elementor-widget elementor-widget-image\" data-id=\"837f274\" data-element_type=\"widget\" data-e-type=\"widget\" data-widget_type=\"image.default\">\n\t\t\t\t<div class=\"elementor-widget-container\">\n\t\t\t\t\t\t\t\t\t\t\t\t\t\t\t<img decoding=\"async\" width=\"640\" height=\"640\" src=\"https:\/\/cmediahost.top\/wp-content\/uploads\/2023\/10\/12146011_Wavy_Gen-01_Single-07-1024x1024.jpg\" class=\"attachment-large size-large wp-image-3162\" alt=\"\" srcset=\"https:\/\/cmediahost.top\/wp-content\/uploads\/2023\/10\/12146011_Wavy_Gen-01_Single-07-1024x1024.jpg 1024w, https:\/\/cmediahost.top\/wp-content\/uploads\/2023\/10\/12146011_Wavy_Gen-01_Single-07-300x300.jpg 300w, https:\/\/cmediahost.top\/wp-content\/uploads\/2023\/10\/12146011_Wavy_Gen-01_Single-07-150x150.jpg 150w, https:\/\/cmediahost.top\/wp-content\/uploads\/2023\/10\/12146011_Wavy_Gen-01_Single-07-768x768.jpg 768w, https:\/\/cmediahost.top\/wp-content\/uploads\/2023\/10\/12146011_Wavy_Gen-01_Single-07-1536x1536.jpg 1536w, https:\/\/cmediahost.top\/wp-content\/uploads\/2023\/10\/12146011_Wavy_Gen-01_Single-07-2048x2048.jpg 2048w, https:\/\/cmediahost.top\/wp-content\/uploads\/2023\/10\/12146011_Wavy_Gen-01_Single-07-600x600.jpg 600w, https:\/\/cmediahost.top\/wp-content\/uploads\/2023\/10\/12146011_Wavy_Gen-01_Single-07-100x100.jpg 100w\" sizes=\"(max-width: 640px) 100vw, 640px\" \/>\t\t\t\t\t\t\t\t\t\t\t\t\t\t\t<\/div>\n\t\t\t\t<\/div>\n\t\t\t\t<\/div>\n\t\t<div class=\"elementor-element elementor-element-7c2adf8 e-con-full e-flex e-con e-child\" data-id=\"7c2adf8\" data-element_type=\"container\" data-e-type=\"container\" data-settings=\"{&quot;_ha_eqh_enable&quot;:false}\">\n\t\t\t\t<div class=\"elementor-element elementor-element-0f6660d elementor-widget elementor-widget-text-editor\" data-id=\"0f6660d\" data-element_type=\"widget\" data-e-type=\"widget\" data-widget_type=\"text-editor.default\">\n\t\t\t\t<div class=\"elementor-widget-container\">\n\t\t\t\t\t\t\t\t\t<p style=\"font-size: 18px;\">Gagnez au moins 60 % sur chaque vente. Promouvoir un service de confiance appr\u00e9ci\u00e9 par des millions de personnes. Rejoignez un programme d&rsquo;affiliation qui valorise votre partenariat.<\/p>\t\t\t\t\t\t\t\t<\/div>\n\t\t\t\t<\/div>\n\t\t\t\t<div class=\"elementor-element elementor-element-4fdd22b elementor-align-center elementor-widget elementor-widget-button\" data-id=\"4fdd22b\" data-element_type=\"widget\" data-e-type=\"widget\" data-widget_type=\"button.default\">\n\t\t\t\t<div class=\"elementor-widget-container\">\n\t\t\t\t\t\t\t\t\t<div class=\"elementor-button-wrapper\">\n\t\t\t\t\t<a class=\"elementor-button elementor-button-link elementor-size-md\" href=\"https:\/\/cmediahost.net\/index.php\/store\/affiliation-compte\" target=\"_blank\" rel=\"noopener\">\n\t\t\t\t\t\t<span class=\"elementor-button-content-wrapper\">\n\t\t\t\t\t\t\t\t\t<span class=\"elementor-button-text\">Acc\u00e8s \u00e0 la plateforme d\u2019affiliation<\/span>\n\t\t\t\t\t<\/span>\n\t\t\t\t\t<\/a>\n\t\t\t\t<\/div>\n\t\t\t\t\t\t\t\t<\/div>\n\t\t\t\t<\/div>\n\t\t\t\t<\/div>\n\t\t\t\t\t<\/div>\n\t\t\t\t<\/div>\n\t\t\t\t<\/div>\n\t\t","protected":false},"excerpt":{"rendered":"<p>Programme d&rsquo;affiliation Cmediahost Rejoindre le programme en quatre \u00e9tapes 1. Inscription Rapide Inscrivez-vous-en moins d&rsquo;une minute. C&rsquo;est enti\u00e8rement gratuit. 2. Activation de Votre Compte Acc\u00e9dez \u00e0 notre tableau de bord, puis rendez-vous dans l&rsquo;onglet \u00ab\u00a0Affili\u00e9s\u00a0\u00bb et cliquez sur \u00ab\u00a0Activer votre compte d&rsquo;affili\u00e9\u00ab\u00a0. 3. Utilisation du Lien G\u00e9n\u00e9r\u00e9 par Notre Syst\u00e8me Utilisez le lien de r\u00e9f\u00e9rence [&hellip;]<\/p>\n","protected":false},"author":1,"featured_media":0,"parent":0,"menu_order":0,"comment_status":"closed","ping_status":"closed","template":"elementor_header_footer","meta":{"inline_featured_image":false,"footnotes":""},"class_list":["post-3153","page","type-page","status-publish","hentry"],"_links":{"self":[{"href":"https:\/\/cmediahost.top\/index.php\/wp-json\/wp\/v2\/pages\/3153","targetHints":{"allow":["GET"]}}],"collection":[{"href":"https:\/\/cmediahost.top\/index.php\/wp-json\/wp\/v2\/pages"}],"about":[{"href":"https:\/\/cmediahost.top\/index.php\/wp-json\/wp\/v2\/types\/page"}],"author":[{"embeddable":true,"href":"https:\/\/cmediahost.top\/index.php\/wp-json\/wp\/v2\/users\/1"}],"replies":[{"embeddable":true,"href":"https:\/\/cmediahost.top\/index.php\/wp-json\/wp\/v2\/comments?post=3153"}],"version-history":[{"count":28,"href":"https:\/\/cmediahost.top\/index.php\/wp-json\/wp\/v2\/pages\/3153\/revisions"}],"predecessor-version":[{"id":4629,"href":"https:\/\/cmediahost.top\/index.php\/wp-json\/wp\/v2\/pages\/3153\/revisions\/4629"}],"wp:attachment":[{"href":"https:\/\/cmediahost.top\/index.php\/wp-json\/wp\/v2\/media?parent=3153"}],"curies":[{"name":"wp","href":"https:\/\/api.w.org\/{rel}","templated":true}]}}