{"id":3176,"date":"2023-10-23T16:54:14","date_gmt":"2023-10-23T16:54:14","guid":{"rendered":"https:\/\/cmediahost.top\/?page_id=3176"},"modified":"2024-03-13T14:49:13","modified_gmt":"2024-03-13T14:49:13","slug":"migrer-vers-cmediahost","status":"publish","type":"page","link":"https:\/\/cmediahost.top\/index.php\/migrer-vers-cmediahost\/","title":{"rendered":"Migrer vers Cmediahost"},"content":{"rendered":"\t\t<div data-elementor-type=\"wp-page\" data-elementor-id=\"3176\" class=\"elementor elementor-3176\" data-elementor-settings=\"{&quot;ha_cmc_init_switcher&quot;:&quot;no&quot;}\" data-elementor-post-type=\"page\">\n\t\t\t\t\t\t<section class=\"elementor-section elementor-top-section elementor-element elementor-element-7aeccb6 elementor-section-full_width elementor-section-height-default elementor-section-height-default\" data-id=\"7aeccb6\" data-element_type=\"section\" data-e-type=\"section\" data-settings=\"{&quot;_ha_eqh_enable&quot;:false}\">\n\t\t\t\t\t\t<div class=\"elementor-container elementor-column-gap-no\">\n\t\t\t\t\t<div class=\"elementor-column elementor-col-100 elementor-top-column elementor-element elementor-element-e9541d1\" data-id=\"e9541d1\" data-element_type=\"column\" data-e-type=\"column\">\n\t\t\t<div class=\"elementor-widget-wrap elementor-element-populated\">\n\t\t\t\t\t\t<div class=\"elementor-element elementor-element-4dfa69b elementor-widget elementor-widget-hos-hero-four-id\" data-id=\"4dfa69b\" data-element_type=\"widget\" data-e-type=\"widget\" data-widget_type=\"hos-hero-four-id.default\">\n\t\t\t\t<div class=\"elementor-widget-container\">\n\t\t\t\t\t    <section class=\"banner-section-four\">\r\n        \t\t    <div class=\"vector-layer\" style=\"background-image: url(https:\/\/themexriver.com\/wp\/hostix\/wp-content\/uploads\/2022\/11\/vector-1.png)\"><\/div>\r\n        \t\t<div class=\"auto-container\">\r\n            <div class=\"row clearfix d-flex align-items-center\">\r\n\t\t\t\t\r\n\t\t\t\t<!-- Content Column -->\r\n\t\t\t\t<div class=\"content-column col-lg-6 col-md-12 col-sm-12\">\r\n\t\t\t\t\t<div class=\"inner-column\">\r\n\t\t\t\t\t\t<div class=\"title\">Migrer vers Cmediahost<\/div>\r\n\t\t\t\t\t\t<h1>Nous transf\u00e9rons votre site web gratuitement !<\/h1>\r\n\t\t\t\t\t\t<div class=\"text\">\n<\/div>\r\n\t\t\t\t\t\t<!-- Check List -->\r\n\t\t\t\t\t\t<div class=\"check-list\">\r\n\t\t\t\t\t\t\t\t\t\t\t\t\t<\/div>\r\n\t\t\t\t\t\t<div class=\"options-box d-flex align-items-center\">\r\n                                                                                    \t\t\t\t\t\t<\/div>\r\n\t\t\t\t\t<\/div>\r\n\t\t\t\t<\/div>\r\n\t\t\t\t\r\n\t\t\t\t<!-- Image Column -->\r\n                \t\t\t\t<div class=\"image-column col-lg-6 col-md-12 col-sm-12\">\r\n\t\t\t\t\t<div class=\"inner-column parallax-scene-1\">\r\n\t\t\t\t\t\t<div class=\"image\" data-depth=\"0.20\">\r\n\t\t\t\t\t\t\t<img decoding=\"async\" src=\"https:\/\/cmediahost.top\/wp-content\/uploads\/2022\/11\/fonctions-hebergement-web.png\" alt=\"\" \/>\r\n\t\t\t\t\t\t<\/div>\r\n\t\t\t\t\t<\/div>\r\n\t\t\t\t<\/div>\r\n\t\t\t\t\t\t\t<\/div>\r\n\t\t<\/div>\r\n\t<\/section>\r\n\r\n    \t\t\t\t<\/div>\n\t\t\t\t<\/div>\n\t\t\t\t\t<\/div>\n\t\t<\/div>\n\t\t\t\t\t<\/div>\n\t\t<\/section>\n\t\t<div class=\"elementor-element elementor-element-f83f24e e-flex e-con-boxed e-con e-parent\" data-id=\"f83f24e\" data-element_type=\"container\" data-e-type=\"container\" data-settings=\"{&quot;_ha_eqh_enable&quot;:false}\">\n\t\t\t\t\t<div class=\"e-con-inner\">\n\t\t<div class=\"elementor-element elementor-element-1c413f3 e-con-full e-flex e-con e-child\" data-id=\"1c413f3\" data-element_type=\"container\" data-e-type=\"container\" data-settings=\"{&quot;_ha_eqh_enable&quot;:false}\">\n\t\t\t\t<div class=\"elementor-element elementor-element-99fcafa elementor-widget elementor-widget-image\" data-id=\"99fcafa\" data-element_type=\"widget\" data-e-type=\"widget\" data-widget_type=\"image.default\">\n\t\t\t\t<div class=\"elementor-widget-container\">\n\t\t\t\t\t\t\t\t\t\t\t\t\t\t\t<img fetchpriority=\"high\" decoding=\"async\" width=\"552\" height=\"400\" src=\"https:\/\/cmediahost.top\/wp-content\/uploads\/2023\/10\/34m6cwq9.png\" class=\"attachment-large size-large wp-image-3180\" alt=\"\" srcset=\"https:\/\/cmediahost.top\/wp-content\/uploads\/2023\/10\/34m6cwq9.png 552w, https:\/\/cmediahost.top\/wp-content\/uploads\/2023\/10\/34m6cwq9-300x217.png 300w\" sizes=\"(max-width: 552px) 100vw, 552px\" \/>\t\t\t\t\t\t\t\t\t\t\t\t\t\t\t<\/div>\n\t\t\t\t<\/div>\n\t\t\t\t<\/div>\n\t\t<div class=\"elementor-element elementor-element-591b337 e-con-full e-flex e-con e-child\" data-id=\"591b337\" data-element_type=\"container\" data-e-type=\"container\" data-settings=\"{&quot;_ha_eqh_enable&quot;:false}\">\n\t\t\t\t<div class=\"elementor-element elementor-element-65be218 elementor-widget elementor-widget-text-editor\" data-id=\"65be218\" data-element_type=\"widget\" data-e-type=\"widget\" data-widget_type=\"text-editor.default\">\n\t\t\t\t<div class=\"elementor-widget-container\">\n\t\t\t\t\t\t\t\t\t<p style=\"text-align: justify;\"><span lang=\"FR-CH\" style=\"font-size: 14.0pt;\">La migration d&rsquo;un site web est fr\u00e9quemment une op\u00e9ration complexe qui requiert du temps. Chez Cmediahost, nous nous engageons \u00e0 prendre en charge cette op\u00e9ration pour vous, sans frais suppl\u00e9mentaires.\t\t\t\t\t\t\t\t<\/div>\n\t\t\t\t<\/div>\n\t\t\t\t<div class=\"elementor-element elementor-element-11c0434 elementor-icon-list--layout-traditional elementor-list-item-link-full_width elementor-widget elementor-widget-icon-list\" data-id=\"11c0434\" data-element_type=\"widget\" data-e-type=\"widget\" data-widget_type=\"icon-list.default\">\n\t\t\t\t<div class=\"elementor-widget-container\">\n\t\t\t\t\t\t\t<ul class=\"elementor-icon-list-items\">\n\t\t\t\t\t\t\t<li class=\"elementor-icon-list-item\">\n\t\t\t\t\t\t\t\t\t\t\t<span class=\"elementor-icon-list-icon\">\n\t\t\t\t\t\t\t<i aria-hidden=\"true\" class=\"flaticon flaticon-074-check-mark\"><\/i>\t\t\t\t\t\t<\/span>\n\t\t\t\t\t\t\t\t\t\t<span class=\"elementor-icon-list-text\">Inclus dans Chaque Plan d'H\u00e9bergement<\/span>\n\t\t\t\t\t\t\t\t\t<\/li>\n\t\t\t\t\t\t\t\t<li class=\"elementor-icon-list-item\">\n\t\t\t\t\t\t\t\t\t\t\t<span class=\"elementor-icon-list-icon\">\n\t\t\t\t\t\t\t<i aria-hidden=\"true\" class=\"flaticon flaticon-074-check-mark\"><\/i>\t\t\t\t\t\t<\/span>\n\t\t\t\t\t\t\t\t\t\t<span class=\"elementor-icon-list-text\">Migration Rapide et Professionnelle<\/span>\n\t\t\t\t\t\t\t\t\t<\/li>\n\t\t\t\t\t\t<\/ul>\n\t\t\t\t\t\t<\/div>\n\t\t\t\t<\/div>\n\t\t\t\t<div class=\"elementor-element elementor-element-ef0e93f elementor-widget elementor-widget-text-editor\" data-id=\"ef0e93f\" data-element_type=\"widget\" data-e-type=\"widget\" data-widget_type=\"text-editor.default\">\n\t\t\t\t<div class=\"elementor-widget-container\">\n\t\t\t\t\t\t\t\t\t<p style=\"text-align: justify;\"><span lang=\"FR-CH\" style=\"font-size: 14.0pt;\">Lorsque vous souscrivez \u00e0 l&rsquo;un de nos services d&rsquo;h\u00e9bergement web, nous nous chargeons de la migration de vos sites web, et cela, sans frais suppl\u00e9mentaires !\t\t\t\t\t\t\t\t<\/div>\n\t\t\t\t<\/div>\n\t\t\t\t<\/div>\n\t\t\t\t\t<\/div>\n\t\t\t\t<\/div>\n\t\t<div class=\"elementor-element elementor-element-67716a6 e-flex e-con-boxed e-con e-parent\" data-id=\"67716a6\" data-element_type=\"container\" data-e-type=\"container\" data-settings=\"{&quot;_ha_eqh_enable&quot;:false}\">\n\t\t\t\t\t<div class=\"e-con-inner\">\n\t\t<div class=\"elementor-element elementor-element-1709c6d e-con-full e-flex e-con e-child\" data-id=\"1709c6d\" data-element_type=\"container\" data-e-type=\"container\" data-settings=\"{&quot;_ha_eqh_enable&quot;:false}\">\n\t\t\t\t<div class=\"elementor-element elementor-element-476e1ee elementor-widget elementor-widget-heading\" data-id=\"476e1ee\" data-element_type=\"widget\" data-e-type=\"widget\" data-widget_type=\"heading.default\">\n\t\t\t\t<div class=\"elementor-widget-container\">\n\t\t\t\t\t<h2 class=\"elementor-heading-title elementor-size-default\">Notre \u00e9quipe de support est \u00e0 votre disposition<\/h2>\t\t\t\t<\/div>\n\t\t\t\t<\/div>\n\t\t\t\t<div class=\"elementor-element elementor-element-2dfd584 elementor-widget elementor-widget-text-editor\" data-id=\"2dfd584\" data-element_type=\"widget\" data-e-type=\"widget\" data-widget_type=\"text-editor.default\">\n\t\t\t\t<div class=\"elementor-widget-container\">\n\t\t\t\t\t\t\t\t\t<p style=\"text-align: justify;\"><span lang=\"FR-CH\" style=\"font-size: 14.0pt;\">Que ce soit pour une nouvelle commande ou pour un h\u00e9bergement existant &#8211; nous vous aidons \u00e0 passer chez nous. De plus, nous nous assurons qu&rsquo;il n&rsquo;y ait pas d&rsquo;interruption et que le transfert se d\u00e9roule donc sans probl\u00e8me. Nous nous ferons un plaisir de d\u00e9finir avec vous le processus d\u00e9taill\u00e9.<\/span><\/p>\t\t\t\t\t\t\t\t<\/div>\n\t\t\t\t<\/div>\n\t\t\t\t<\/div>\n\t\t<div class=\"elementor-element elementor-element-1d8d7cd e-con-full e-flex e-con e-child\" data-id=\"1d8d7cd\" data-element_type=\"container\" data-e-type=\"container\" data-settings=\"{&quot;_ha_eqh_enable&quot;:false}\">\n\t\t\t\t<div class=\"elementor-element elementor-element-92781c9 elementor-widget elementor-widget-image\" data-id=\"92781c9\" data-element_type=\"widget\" data-e-type=\"widget\" data-widget_type=\"image.default\">\n\t\t\t\t<div class=\"elementor-widget-container\">\n\t\t\t\t\t\t\t\t\t\t\t\t\t\t\t<img decoding=\"async\" width=\"640\" height=\"401\" src=\"https:\/\/cmediahost.top\/wp-content\/uploads\/2023\/01\/cta.png\" class=\"attachment-large size-large wp-image-2197\" alt=\"\" srcset=\"https:\/\/cmediahost.top\/wp-content\/uploads\/2023\/01\/cta.png 698w, https:\/\/cmediahost.top\/wp-content\/uploads\/2023\/01\/cta-600x376.png 600w, https:\/\/cmediahost.top\/wp-content\/uploads\/2023\/01\/cta-300x188.png 300w\" sizes=\"(max-width: 640px) 100vw, 640px\" \/>\t\t\t\t\t\t\t\t\t\t\t\t\t\t\t<\/div>\n\t\t\t\t<\/div>\n\t\t\t\t<\/div>\n\t\t\t\t\t<\/div>\n\t\t\t\t<\/div>\n\t\t<div class=\"elementor-element elementor-element-563714d e-flex e-con-boxed e-con e-parent\" data-id=\"563714d\" data-element_type=\"container\" data-e-type=\"container\" data-settings=\"{&quot;_ha_eqh_enable&quot;:false}\">\n\t\t\t\t\t<div class=\"e-con-inner\">\n\t\t\t\t<div class=\"elementor-element elementor-element-52f0d9a elementor-widget elementor-widget-hos-section-title-id\" data-id=\"52f0d9a\" data-element_type=\"widget\" data-e-type=\"widget\" data-widget_type=\"hos-section-title-id.default\">\n\t\t\t\t<div class=\"elementor-widget-container\">\n\t\t\t\t\t    <div class=\"sec-title   text-center\">\r\n        <div class=\"title\"><span><\/span><\/div>\r\n        <h2>FAQ<\/h2>\r\n    <\/div>\r\n    \t\t\t\t<\/div>\n\t\t\t\t<\/div>\n\t\t\t\t\t<\/div>\n\t\t\t\t<\/div>\n\t\t<div class=\"elementor-element elementor-element-d35c943 e-flex e-con-boxed e-con e-parent\" data-id=\"d35c943\" data-element_type=\"container\" data-e-type=\"container\" data-settings=\"{&quot;_ha_eqh_enable&quot;:false}\">\n\t\t\t\t\t<div class=\"e-con-inner\">\n\t\t<div class=\"elementor-element elementor-element-c980459 e-con-full e-flex e-con e-child\" data-id=\"c980459\" data-element_type=\"container\" data-e-type=\"container\" data-settings=\"{&quot;_ha_eqh_enable&quot;:false}\">\n\t\t\t\t<div class=\"elementor-element elementor-element-2ce2b9f elementor-widget elementor-widget-image\" data-id=\"2ce2b9f\" data-element_type=\"widget\" data-e-type=\"widget\" data-widget_type=\"image.default\">\n\t\t\t\t<div class=\"elementor-widget-container\">\n\t\t\t\t\t\t\t\t\t\t\t\t\t\t\t<img decoding=\"async\" width=\"417\" height=\"277\" src=\"https:\/\/cmediahost.top\/wp-content\/uploads\/2023\/10\/2-1-417x277.png\" class=\"attachment-hostix-image-size-2 size-hostix-image-size-2 wp-image-2919\" alt=\"\" \/>\t\t\t\t\t\t\t\t\t\t\t\t\t\t\t<\/div>\n\t\t\t\t<\/div>\n\t\t\t\t<\/div>\n\t\t<div class=\"elementor-element elementor-element-6be908e e-con-full e-flex e-con e-child\" data-id=\"6be908e\" data-element_type=\"container\" data-e-type=\"container\" data-settings=\"{&quot;_ha_eqh_enable&quot;:false}\">\n\t\t\t\t<div class=\"elementor-element elementor-element-4b6bc18 elementor-widget elementor-widget-heading\" data-id=\"4b6bc18\" data-element_type=\"widget\" data-e-type=\"widget\" data-widget_type=\"heading.default\">\n\t\t\t\t<div class=\"elementor-widget-container\">\n\t\t\t\t\t<h2 class=\"elementor-heading-title elementor-size-default\">Quels sites puis-je migrer ?<\/h2>\t\t\t\t<\/div>\n\t\t\t\t<\/div>\n\t\t\t\t<div class=\"elementor-element elementor-element-14d0516 elementor-widget elementor-widget-text-editor\" data-id=\"14d0516\" data-element_type=\"widget\" data-e-type=\"widget\" data-widget_type=\"text-editor.default\">\n\t\t\t\t<div class=\"elementor-widget-container\">\n\t\t\t\t\t\t\t\t\t<p style=\"text-align: justify;\"><span lang=\"FR-CH\" style=\"font-size: 14.0pt;\">En principe, tout site web cr\u00e9\u00e9 avec PHP et MySQL peut \u00eatre migr\u00e9. Il s&rsquo;agit notamment d&rsquo;applications courantes telles que WordPress, Joomla, Drupal, TYPO3,. Dans la plupart des cas, les sites Web que vous avez cr\u00e9\u00e9s seront import\u00e9s sans probl\u00e8mes.<\/span><\/p>\t\t\t\t\t\t\t\t<\/div>\n\t\t\t\t<\/div>\n\t\t\t\t<\/div>\n\t\t\t\t\t<\/div>\n\t\t\t\t<\/div>\n\t\t<div class=\"elementor-element elementor-element-f30b1b7 e-flex e-con-boxed e-con e-parent\" data-id=\"f30b1b7\" data-element_type=\"container\" data-e-type=\"container\" data-settings=\"{&quot;background_background&quot;:&quot;classic&quot;,&quot;_ha_eqh_enable&quot;:false}\">\n\t\t\t\t\t<div class=\"e-con-inner\">\n\t\t<div class=\"elementor-element elementor-element-ff8799f e-con-full e-flex e-con e-child\" data-id=\"ff8799f\" data-element_type=\"container\" data-e-type=\"container\" data-settings=\"{&quot;_ha_eqh_enable&quot;:false}\">\n\t\t\t\t<div class=\"elementor-element elementor-element-0b28a19 elementor-widget elementor-widget-heading\" data-id=\"0b28a19\" data-element_type=\"widget\" data-e-type=\"widget\" data-widget_type=\"heading.default\">\n\t\t\t\t<div class=\"elementor-widget-container\">\n\t\t\t\t\t<h2 class=\"elementor-heading-title elementor-size-default\">Quelles sont les conditions \u00e0 remplir pour un transfert ?<\/h2>\t\t\t\t<\/div>\n\t\t\t\t<\/div>\n\t\t\t\t<div class=\"elementor-element elementor-element-2479d42 elementor-widget elementor-widget-text-editor\" data-id=\"2479d42\" data-element_type=\"widget\" data-e-type=\"widget\" data-widget_type=\"text-editor.default\">\n\t\t\t\t<div class=\"elementor-widget-container\">\n\t\t\t\t\t\t\t\t\t<p style=\"text-align: justify;font-size: 14.0pt;\"><span style=\"color: #333399;\"><strong>Transfert d&rsquo;un site web<\/strong><\/span><\/p>\n\n<p style=\"text-align: justify;font-size: 14.0pt;\"><strong>\u21d2<\/strong>\u00a0Le site web doit encore \u00eatre accessible ou disponible chez l&rsquo;ancien h\u00e9bergeur.<\/p>\n<p style=\"text-align: justify;font-size: 14.0pt;\"><strong>\u21d2<\/strong>\u00a0Vous pouvez vous connecter par FTP \u00e0 vos donn\u00e9es web actuels.<\/p>\n<p style=\"text-align: justify;font-size: 14.0pt;\"><strong>\u21d2<\/strong>\u00a0Le site web est compatible avec nos versions PHP support\u00e9es<\/p>\n\n<p style=\"text-align: justify;font-size: 14.0pt;\"><span style=\"color: #333399;\"><strong>Transfert des e-mails<\/strong><\/span><\/p>\n\n<p style=\"text-align: justify;font-size: 14.0pt;\">Il est important ici que les e-mails puissent \u00eatre consult\u00e9s via IMAP.\n<em>Attention\u00a0: les comptes POP3 ne peuvent malheureusement pas \u00eatre d\u00e9plac\u00e9s.<\/em><\/p>\t\t\t\t\t\t\t\t<\/div>\n\t\t\t\t<\/div>\n\t\t\t\t<\/div>\n\t\t<div class=\"elementor-element elementor-element-7b2f199 e-con-full e-flex e-con e-child\" data-id=\"7b2f199\" data-element_type=\"container\" data-e-type=\"container\" data-settings=\"{&quot;_ha_eqh_enable&quot;:false}\">\n\t\t\t\t<div class=\"elementor-element elementor-element-177286f elementor-widget elementor-widget-image\" data-id=\"177286f\" data-element_type=\"widget\" data-e-type=\"widget\" data-widget_type=\"image.default\">\n\t\t\t\t<div class=\"elementor-widget-container\">\n\t\t\t\t\t\t\t\t\t\t\t\t\t\t\t<img loading=\"lazy\" decoding=\"async\" width=\"640\" height=\"474\" src=\"https:\/\/cmediahost.top\/wp-content\/uploads\/2023\/10\/domain-and-hosting.png\" class=\"attachment-large size-large wp-image-2587\" alt=\"\" srcset=\"https:\/\/cmediahost.top\/wp-content\/uploads\/2023\/10\/domain-and-hosting.png 812w, https:\/\/cmediahost.top\/wp-content\/uploads\/2023\/10\/domain-and-hosting-300x222.png 300w, https:\/\/cmediahost.top\/wp-content\/uploads\/2023\/10\/domain-and-hosting-768x569.png 768w, https:\/\/cmediahost.top\/wp-content\/uploads\/2023\/10\/domain-and-hosting-600x445.png 600w\" sizes=\"(max-width: 640px) 100vw, 640px\" \/>\t\t\t\t\t\t\t\t\t\t\t\t\t\t\t<\/div>\n\t\t\t\t<\/div>\n\t\t\t\t<\/div>\n\t\t\t\t\t<\/div>\n\t\t\t\t<\/div>\n\t\t<div class=\"elementor-element elementor-element-b59c420 e-flex e-con-boxed e-con e-parent\" data-id=\"b59c420\" data-element_type=\"container\" data-e-type=\"container\" data-settings=\"{&quot;background_background&quot;:&quot;classic&quot;,&quot;_ha_eqh_enable&quot;:false}\">\n\t\t\t\t\t<div class=\"e-con-inner\">\n\t\t<div class=\"elementor-element elementor-element-7ead1f0 e-con-full e-flex e-con e-child\" data-id=\"7ead1f0\" data-element_type=\"container\" data-e-type=\"container\" data-settings=\"{&quot;_ha_eqh_enable&quot;:false}\">\n\t\t\t\t<div class=\"elementor-element elementor-element-5087381 elementor-widget elementor-widget-image\" data-id=\"5087381\" data-element_type=\"widget\" data-e-type=\"widget\" data-widget_type=\"image.default\">\n\t\t\t\t<div class=\"elementor-widget-container\">\n\t\t\t\t\t\t\t\t\t\t\t\t\t\t\t<img loading=\"lazy\" decoding=\"async\" width=\"592\" height=\"421\" src=\"https:\/\/cmediahost.top\/wp-content\/uploads\/2023\/10\/Website-Development-preview.png\" class=\"attachment-large size-large wp-image-3182\" alt=\"\" srcset=\"https:\/\/cmediahost.top\/wp-content\/uploads\/2023\/10\/Website-Development-preview.png 592w, https:\/\/cmediahost.top\/wp-content\/uploads\/2023\/10\/Website-Development-preview-300x213.png 300w\" sizes=\"(max-width: 592px) 100vw, 592px\" \/>\t\t\t\t\t\t\t\t\t\t\t\t\t\t\t<\/div>\n\t\t\t\t<\/div>\n\t\t\t\t<\/div>\n\t\t<div class=\"elementor-element elementor-element-76ffac5 e-con-full e-flex e-con e-child\" data-id=\"76ffac5\" data-element_type=\"container\" data-e-type=\"container\" data-settings=\"{&quot;_ha_eqh_enable&quot;:false}\">\n\t\t\t\t<div class=\"elementor-element elementor-element-0c937ec elementor-widget elementor-widget-heading\" data-id=\"0c937ec\" data-element_type=\"widget\" data-e-type=\"widget\" data-widget_type=\"heading.default\">\n\t\t\t\t<div class=\"elementor-widget-container\">\n\t\t\t\t\t<h2 class=\"elementor-heading-title elementor-size-default\">Puis-je migrer mon site web d\u2019un autre \u00e9diteur de site web ?<\/h2>\t\t\t\t<\/div>\n\t\t\t\t<\/div>\n\t\t\t\t<div class=\"elementor-element elementor-element-93d82bd elementor-widget elementor-widget-text-editor\" data-id=\"93d82bd\" data-element_type=\"widget\" data-e-type=\"widget\" data-widget_type=\"text-editor.default\">\n\t\t\t\t<div class=\"elementor-widget-container\">\n\t\t\t\t\t\t\t\t\t<p style=\"text-align: justify;font-size: 14.0pt;\">Pour des raisons techniques, les sites web de <strong>WIX, Jimdo, Squarespace ou d&rsquo;un \u00e9diteur de site web <\/strong>d&rsquo;un autre h\u00e9bergeur ne peuvent pas \u00eatre d\u00e9plac\u00e9s. Ces sites ne fonctionnent que sur leurs syst\u00e8mes et ne peuvent pas \u00eatre transf\u00e9r\u00e9s sur un autre. Vous avez la possibilit\u00e9 de construire un nouveau site avec une boutique en ligne dans notre \u00e9diteur de site web.Vous pouvez \u00e9galement utiliser un autre CMS comme WordPress ou Joomla.<\/p>\t\t\t\t\t\t\t\t<\/div>\n\t\t\t\t<\/div>\n\t\t\t\t<\/div>\n\t\t\t\t\t<\/div>\n\t\t\t\t<\/div>\n\t\t<div class=\"elementor-element elementor-element-8225338 e-flex e-con-boxed e-con e-parent\" data-id=\"8225338\" data-element_type=\"container\" data-e-type=\"container\" data-settings=\"{&quot;_ha_eqh_enable&quot;:false}\">\n\t\t\t\t\t<div class=\"e-con-inner\">\n\t\t<div class=\"elementor-element elementor-element-44f8396 e-con-full e-flex e-con e-child\" data-id=\"44f8396\" data-element_type=\"container\" data-e-type=\"container\" data-settings=\"{&quot;_ha_eqh_enable&quot;:false}\">\n\t\t\t\t<div class=\"elementor-element elementor-element-32599fe elementor-widget elementor-widget-heading\" data-id=\"32599fe\" data-element_type=\"widget\" data-e-type=\"widget\" data-widget_type=\"heading.default\">\n\t\t\t\t<div class=\"elementor-widget-container\">\n\t\t\t\t\t<h2 class=\"elementor-heading-title elementor-size-default\">La migration implique-t-elle une interruption des services ?<\/h2>\t\t\t\t<\/div>\n\t\t\t\t<\/div>\n\t\t\t\t<div class=\"elementor-element elementor-element-b618ab8 elementor-widget elementor-widget-text-editor\" data-id=\"b618ab8\" data-element_type=\"widget\" data-e-type=\"widget\" data-widget_type=\"text-editor.default\">\n\t\t\t\t<div class=\"elementor-widget-container\">\n\t\t\t\t\t\t\t\t\t<p style=\"text-align: justify;font-size: 14.0pt;\">Votre site web et votre service de messagerie restent toujours op\u00e9rationnels pendant un transfert.<\/p>\t\t\t\t\t\t\t\t<\/div>\n\t\t\t\t<\/div>\n\t\t\t\t<\/div>\n\t\t<div class=\"elementor-element elementor-element-b2447a6 e-con-full e-flex e-con e-child\" data-id=\"b2447a6\" data-element_type=\"container\" data-e-type=\"container\" data-settings=\"{&quot;_ha_eqh_enable&quot;:false}\">\n\t\t\t\t<div class=\"elementor-element elementor-element-8d711d1 elementor-widget elementor-widget-heading\" data-id=\"8d711d1\" data-element_type=\"widget\" data-e-type=\"widget\" data-widget_type=\"heading.default\">\n\t\t\t\t<div class=\"elementor-widget-container\">\n\t\t\t\t\t<h2 class=\"elementor-heading-title elementor-size-default\">Faut-il que je r\u00e9silie moi-m\u00eame mon contrat avec l'h\u00e9bergeur pr\u00e9c\u00e9dent ?<\/h2>\t\t\t\t<\/div>\n\t\t\t\t<\/div>\n\t\t\t\t<div class=\"elementor-element elementor-element-01b7e87 elementor-widget elementor-widget-text-editor\" data-id=\"01b7e87\" data-element_type=\"widget\" data-e-type=\"widget\" data-widget_type=\"text-editor.default\">\n\t\t\t\t<div class=\"elementor-widget-container\">\n\t\t\t\t\t\t\t\t\t<p style=\"text-align: justify;font-size: 14.0pt;\">Oui, nous ne pouvons malheureusement pas le faire pour vous. Nous vous prions de r\u00e9silier l&rsquo;h\u00e9bergement actuel au plus tard apr\u00e8s le transfert afin d&rsquo;\u00e9viter autant que possible des d\u00e9penses en double.<\/p>\t\t\t\t\t\t\t\t<\/div>\n\t\t\t\t<\/div>\n\t\t\t\t<\/div>\n\t\t\t\t\t<\/div>\n\t\t\t\t<\/div>\n\t\t<div class=\"elementor-element elementor-element-018f136 e-flex e-con-boxed e-con e-parent\" data-id=\"018f136\" data-element_type=\"container\" data-e-type=\"container\" data-settings=\"{&quot;background_background&quot;:&quot;classic&quot;,&quot;_ha_eqh_enable&quot;:false}\">\n\t\t\t\t\t<div class=\"e-con-inner\">\n\t\t\t\t<div class=\"elementor-element elementor-element-c2925a5 elementor-widget elementor-widget-heading\" data-id=\"c2925a5\" data-element_type=\"widget\" data-e-type=\"widget\" data-widget_type=\"heading.default\">\n\t\t\t\t<div class=\"elementor-widget-container\">\n\t\t\t\t\t<h3 class=\"elementor-heading-title elementor-size-default\">Vous avez des questions ?<\/h3>\t\t\t\t<\/div>\n\t\t\t\t<\/div>\n\t\t\t\t<div class=\"elementor-element elementor-element-b2e7b9f elementor-align-center elementor-widget elementor-widget-button\" data-id=\"b2e7b9f\" data-element_type=\"widget\" data-e-type=\"widget\" data-widget_type=\"button.default\">\n\t\t\t\t<div class=\"elementor-widget-container\">\n\t\t\t\t\t\t\t\t\t<div class=\"elementor-button-wrapper\">\n\t\t\t\t\t<a class=\"elementor-button elementor-button-link elementor-size-md\" href=\"https:\/\/cmediahost.top\/index.php\/contactez-nous\/\">\n\t\t\t\t\t\t<span class=\"elementor-button-content-wrapper\">\n\t\t\t\t\t\t\t\t\t<span class=\"elementor-button-text\">Contactez-nous<\/span>\n\t\t\t\t\t<\/span>\n\t\t\t\t\t<\/a>\n\t\t\t\t<\/div>\n\t\t\t\t\t\t\t\t<\/div>\n\t\t\t\t<\/div>\n\t\t\t\t\t<\/div>\n\t\t\t\t<\/div>\n\t\t\t\t<\/div>\n\t\t","protected":false},"excerpt":{"rendered":"<p>Migrer vers Cmediahost Nous transf\u00e9rons votre site web gratuitement ! La migration d&rsquo;un site web est fr\u00e9quemment une op\u00e9ration complexe qui requiert du temps. Chez Cmediahost, nous nous engageons \u00e0 prendre en charge cette op\u00e9ration pour vous, sans frais suppl\u00e9mentaires. Inclus dans Chaque Plan d&rsquo;H\u00e9bergement Migration Rapide et Professionnelle Lorsque vous souscrivez \u00e0 l&rsquo;un de [&hellip;]<\/p>\n","protected":false},"author":1,"featured_media":0,"parent":0,"menu_order":0,"comment_status":"closed","ping_status":"closed","template":"elementor_header_footer","meta":{"inline_featured_image":false,"footnotes":""},"class_list":["post-3176","page","type-page","status-publish","hentry"],"_links":{"self":[{"href":"https:\/\/cmediahost.top\/index.php\/wp-json\/wp\/v2\/pages\/3176","targetHints":{"allow":["GET"]}}],"collection":[{"href":"https:\/\/cmediahost.top\/index.php\/wp-json\/wp\/v2\/pages"}],"about":[{"href":"https:\/\/cmediahost.top\/index.php\/wp-json\/wp\/v2\/types\/page"}],"author":[{"embeddable":true,"href":"https:\/\/cmediahost.top\/index.php\/wp-json\/wp\/v2\/users\/1"}],"replies":[{"embeddable":true,"href":"https:\/\/cmediahost.top\/index.php\/wp-json\/wp\/v2\/comments?post=3176"}],"version-history":[{"count":13,"href":"https:\/\/cmediahost.top\/index.php\/wp-json\/wp\/v2\/pages\/3176\/revisions"}],"predecessor-version":[{"id":3931,"href":"https:\/\/cmediahost.top\/index.php\/wp-json\/wp\/v2\/pages\/3176\/revisions\/3931"}],"wp:attachment":[{"href":"https:\/\/cmediahost.top\/index.php\/wp-json\/wp\/v2\/media?parent=3176"}],"curies":[{"name":"wp","href":"https:\/\/api.w.org\/{rel}","templated":true}]}}